{"id":1025,"date":"2020-12-17T18:17:20","date_gmt":"2020-12-17T17:17:20","guid":{"rendered":"http:\/\/3-moutiers.fr\/?page_id=1025"},"modified":"2026-03-17T16:45:12","modified_gmt":"2026-03-17T15:45:12","slug":"bibliotheque","status":"publish","type":"page","link":"http:\/\/3-moutiers.fr\/index.php\/bibliotheque\/","title":{"rendered":"Biblioth\u00e8que"},"content":{"rendered":"\t\t<div data-elementor-type=\"wp-page\" data-elementor-id=\"1025\" class=\"elementor elementor-1025\" data-elementor-settings=\"[]\">\n\t\t\t\t\t\t<div class=\"elementor-inner\">\n\t\t\t\t\t\t\t<div class=\"elementor-section-wrap\">\n\t\t\t\t\t\t\t<section class=\"elementor-section elementor-top-section elementor-element elementor-element-24c9afc elementor-section-boxed elementor-section-height-default elementor-section-height-default\" data-id=\"24c9afc\" data-element_type=\"section\">\n\t\t\t\t\t\t<div class=\"elementor-container elementor-column-gap-default\">\n\t\t\t\t\t\t\t<div class=\"elementor-row\">\n\t\t\t\t\t<div class=\"elementor-column elementor-col-100 elementor-top-column elementor-element elementor-element-803e4c8\" data-id=\"803e4c8\" data-element_type=\"column\">\n\t\t\t<div class=\"elementor-column-wrap elementor-element-populated\">\n\t\t\t\t\t\t\t<div class=\"elementor-widget-wrap\">\n\t\t\t\t\t\t<div class=\"elementor-element elementor-element-785e420 elementor-widget elementor-widget-text-editor\" data-id=\"785e420\" data-element_type=\"widget\" data-widget_type=\"text-editor.default\">\n\t\t\t\t<div class=\"elementor-widget-container\">\n\t\t\t\t\t<div class=\"elementor-text-editor elementor-clearfix\"><h1 style=\"text-align: center;\">La biblioth\u00e8que municipale<\/h1><h4 style=\"text-align: center;\">\u00a03 ter rue des Deniers <\/h4><h4 style=\"text-align: center;\">tel: 05.49.98.75.98<\/h4><h4 style=\"text-align: center;\"><span style=\"color: #000000;\">La bibioth\u00e8que est ouverte:<\/span><\/h4><h4 style=\"text-align: center;\"><span style=\"color: #000000;\">le mercredi 14 h 30 \u00e0 17 h 30,<\/span><span style=\"color: #000000;\">le vendredi de 16 h \u00e0 18 h et<\/span><span style=\"color: #000000;\"> le samedi de 10 h \u00e0 12 h<\/span><\/h4><\/div>\n\t\t\t\t<\/div>\n\t\t\t\t<\/div>\n\t\t\t\t\t\t<\/div>\n\t\t\t\t\t<\/div>\n\t\t<\/div>\n\t\t\t\t\t\t\t\t<\/div>\n\t\t\t\t\t<\/div>\n\t\t<\/section>\n\t\t\t\t\t\t<\/div>\n\t\t\t\t\t\t<\/div>\n\t\t\t\t\t<\/div>\n\t\t","protected":false},"excerpt":{"rendered":"<p>La biblioth\u00e8que municipale \u00a03 ter rue des Deniers tel: 05.49.98.75.98 La bibioth\u00e8que est ouverte: le mercredi 14 h 30 \u00e0 17 h 30,le vendredi de 16 h \u00e0 18 h [&hellip;]<\/p>\n","protected":false},"author":1,"featured_media":0,"parent":0,"menu_order":0,"comment_status":"closed","ping_status":"closed","template":"","meta":{"footnotes":""},"class_list":["post-1025","page","type-page","status-publish","hentry"],"_links":{"self":[{"href":"http:\/\/3-moutiers.fr\/index.php\/wp-json\/wp\/v2\/pages\/1025","targetHints":{"allow":["GET"]}}],"collection":[{"href":"http:\/\/3-moutiers.fr\/index.php\/wp-json\/wp\/v2\/pages"}],"about":[{"href":"http:\/\/3-moutiers.fr\/index.php\/wp-json\/wp\/v2\/types\/page"}],"author":[{"embeddable":true,"href":"http:\/\/3-moutiers.fr\/index.php\/wp-json\/wp\/v2\/users\/1"}],"replies":[{"embeddable":true,"href":"http:\/\/3-moutiers.fr\/index.php\/wp-json\/wp\/v2\/comments?post=1025"}],"version-history":[{"count":4,"href":"http:\/\/3-moutiers.fr\/index.php\/wp-json\/wp\/v2\/pages\/1025\/revisions"}],"predecessor-version":[{"id":9474,"href":"http:\/\/3-moutiers.fr\/index.php\/wp-json\/wp\/v2\/pages\/1025\/revisions\/9474"}],"wp:attachment":[{"href":"http:\/\/3-moutiers.fr\/index.php\/wp-json\/wp\/v2\/media?parent=1025"}],"curies":[{"name":"wp","href":"https:\/\/api.w.org\/{rel}","templated":true}]}}