{"id":103,"date":"2020-11-05T18:36:02","date_gmt":"2020-11-05T17:36:02","guid":{"rendered":"http:\/\/3-moutiers.fr\/?page_id=103"},"modified":"2020-12-10T16:52:01","modified_gmt":"2020-12-10T15:52:01","slug":"adresses-utiles-3","status":"publish","type":"page","link":"http:\/\/3-moutiers.fr\/index.php\/adresses-utiles-3\/","title":{"rendered":"Adresses utiles"},"content":{"rendered":"\n<h3 class=\"wp-block-heading\">C.C.I. de Chasseneuil du Poitou\n\t\t<\/h3>\n\n\n\n<h4 class=\"wp-block-heading\"> 7 avenue du Tour de France\n\t\t<br> T\u00e9l\u00e9port 1\n\t\t<br> CS 50146\n\t\t<br> 86961 Futuroscope Cedex\n\t\t<\/h4>\n\n\n\n<h3 class=\"wp-block-heading\">C.C.I. de Loudun\n\t\t<\/h3>\n\n\n\n<h4 class=\"wp-block-heading\"> 9 avenue de Ouagadougou\n\t\t<br> 86200 Loudun\n\t\t<\/h4>\n\n\n\n<h3 class=\"wp-block-heading\">Chambre des m\u00e9tiers\n\t\t<\/h3>\n\n\n\n<h4 class=\"wp-block-heading\"> 19 rue Salvador Allende\n\t\t<br> 86000 Poitiers\n\t\t<br> Courriel : <a href=\"mailto:info@cm-86.fr\">info@cm-86.fr<\/a>\n\t\t<br> T\u00e9l : 05 49 88 13 01\n\t\t<\/h4>\n\n\n\n<h3 class=\"wp-block-heading\">CCPL &#8211; Communaut\u00e9 de Commune du Pays Loudunais\n\t\t<\/h3>\n\n\n\n<h4 class=\"wp-block-heading\"> 2 rue Fontaine d&rsquo;Adam\n\t\t<br> BP 30001\n\t\t<br> 86201 Loudun\n\t\t<br> T\u00e9l : 05 49 22 54 02\n\t\t<\/h4>\n","protected":false},"excerpt":{"rendered":"<p>C.C.I. de Chasseneuil du Poitou 7 avenue du Tour de France T\u00e9l\u00e9port 1 CS 50146 86961 Futuroscope Cedex C.C.I. de Loudun 9 avenue de Ouagadougou 86200 Loudun Chambre des m\u00e9tiers [&hellip;]<\/p>\n","protected":false},"author":1,"featured_media":0,"parent":0,"menu_order":0,"comment_status":"closed","ping_status":"closed","template":"","meta":{"footnotes":""},"class_list":["post-103","page","type-page","status-publish","hentry"],"_links":{"self":[{"href":"http:\/\/3-moutiers.fr\/index.php\/wp-json\/wp\/v2\/pages\/103","targetHints":{"allow":["GET"]}}],"collection":[{"href":"http:\/\/3-moutiers.fr\/index.php\/wp-json\/wp\/v2\/pages"}],"about":[{"href":"http:\/\/3-moutiers.fr\/index.php\/wp-json\/wp\/v2\/types\/page"}],"author":[{"embeddable":true,"href":"http:\/\/3-moutiers.fr\/index.php\/wp-json\/wp\/v2\/users\/1"}],"replies":[{"embeddable":true,"href":"http:\/\/3-moutiers.fr\/index.php\/wp-json\/wp\/v2\/comments?post=103"}],"version-history":[{"count":0,"href":"http:\/\/3-moutiers.fr\/index.php\/wp-json\/wp\/v2\/pages\/103\/revisions"}],"wp:attachment":[{"href":"http:\/\/3-moutiers.fr\/index.php\/wp-json\/wp\/v2\/media?parent=103"}],"curies":[{"name":"wp","href":"https:\/\/api.w.org\/{rel}","templated":true}]}}