{"id":1568,"date":"2021-01-29T15:19:16","date_gmt":"2021-01-29T14:19:16","guid":{"rendered":"http:\/\/3-moutiers.fr\/?page_id=1568"},"modified":"2026-03-31T17:05:03","modified_gmt":"2026-03-31T15:05:03","slug":"elementor-1568","status":"publish","type":"page","link":"http:\/\/3-moutiers.fr\/index.php\/mairie\/demarches-administratives\/elementor-1568\/","title":{"rendered":"Recensement militaire"},"content":{"rendered":"\t\t<div data-elementor-type=\"wp-page\" data-elementor-id=\"1568\" class=\"elementor elementor-1568\" data-elementor-settings=\"[]\">\n\t\t\t\t\t\t<div class=\"elementor-inner\">\n\t\t\t\t\t\t\t<div class=\"elementor-section-wrap\">\n\t\t\t\t\t\t\t<section class=\"elementor-section elementor-top-section elementor-element elementor-element-3e0e4f4 elementor-section-boxed elementor-section-height-default elementor-section-height-default\" data-id=\"3e0e4f4\" data-element_type=\"section\">\n\t\t\t\t\t\t<div class=\"elementor-container elementor-column-gap-default\">\n\t\t\t\t\t\t\t<div class=\"elementor-row\">\n\t\t\t\t\t<div class=\"elementor-column elementor-col-100 elementor-top-column elementor-element elementor-element-7a7b25a\" data-id=\"7a7b25a\" data-element_type=\"column\">\n\t\t\t<div class=\"elementor-column-wrap elementor-element-populated\">\n\t\t\t\t\t\t\t<div class=\"elementor-widget-wrap\">\n\t\t\t\t\t\t<div class=\"elementor-element elementor-element-9e783d7 elementor-widget elementor-widget-text-editor\" data-id=\"9e783d7\" data-element_type=\"widget\" data-widget_type=\"text-editor.default\">\n\t\t\t\t<div class=\"elementor-widget-container\">\n\t\t\t\t\t<div class=\"elementor-text-editor elementor-clearfix\"><p style=\"text-align: left;\"><span style=\"color: #000000;\">Le recensement pour la \u00ab journ\u00e9e d&rsquo;appel \u00e0 la pr\u00e9paration \u00e0 la d\u00e9fense \u00bb (JAPD) est une obligation l\u00e9gale ayant pour objectif de sensibiliser les jeunes fran\u00e7ais aux questions li\u00e9es \u00e0 la d\u00e9fense de la nation.<\/span><br \/><span style=\"color: #000000;\">Sont concern\u00e9(e)s :<\/span><\/p><p><span style=\"color: #000000;\">&#8211; Les jeunes hommes, de nationalit\u00e9 fran\u00e7aise, n\u00e9s \u00e0 compter du 1er janvier 1982.<\/span><br \/><span style=\"color: #000000;\">&#8211; Les jeunes filles, de nationalit\u00e9 fran\u00e7aise, n\u00e9es \u00e0 compter du 1er janvier 1983.<\/span><\/p><p><span style=\"color: #000000;\">Conditions de d\u00e9livrance :<\/span><br \/><span style=\"color: #000000;\">L&rsquo;int\u00e9ress\u00e9(e) doit se pr\u00e9senter entre la date d&rsquo;anniversaire d\u00e8s 16 ans et \u00e0 la fin du troisi\u00e8me mois suivant (si ce d\u00e9lai est expir\u00e9, la situation peut \u00eatre r\u00e9gularis\u00e9e \u00e0 tout moment et, dans tous les cas avant l&rsquo;\u00e2ge de 25 ans).<\/span><\/p><p style=\"text-align: left;\"><span style=\"color: #000000;\">Pi\u00e8ces \u00e0 fournir :<\/span><\/p><p style=\"text-align: left;\"><span style=\"color: #000000;\">&#8211; La pi\u00e8ce d&rsquo;identit\u00e9 de la personne concern\u00e9e (carte nationale d&rsquo;identit\u00e9 ou passeport), le cas \u00e9ch\u00e9ant, tout document justifiant de la nationalit\u00e9 fran\u00e7aise.<\/span><\/p><p><span style=\"color: #000000;\">&#8211; Le livret de famille des parents.<\/span><\/p><p><span style=\"color: #000000;\">L&rsquo;attestation de recensement est n\u00e9cessaire pour se pr\u00e9senter aux examens et concours publics.<\/span><\/p><p style=\"text-align: left;\"><span style=\"color: #000000;\">ATTENTION : aucun duplicata ne vous sera d\u00e9livr\u00e9 par votre mairie.<\/span><\/p><p><span style=\"color: #000000;\">En cas de perte ou de vol de l&rsquo;attestation, il est possible de demander un justificatif au bureau du service national : Bureau du Service National de Poitiers &#8211; Quartier Aboville B.P. 647 86023 POITIERS CEDEX T\u00e9l\u00e9phone : 05 49 00 24 12<\/span><br \/><span style=\"color: #000000;\">Apr\u00e8s le recensement :<\/span><\/p><p style=\"text-align: left;\"><span style=\"color: #000000;\">&#8211; Entre la date du recensement et le 18\u00e8me anniversaire : les jeunes recens\u00e9s sont convoqu\u00e9s \u00e0 la journ\u00e9e d&rsquo;appel de pr\u00e9paration \u00e0 la d\u00e9fense.<\/span><\/p><p style=\"text-align: left;\"><span style=\"color: #000000;\">&#8211; Jusqu&rsquo;\u00e0 l&rsquo;\u00e2ge de 25 ans : tout changement de domicile ou de situation doit \u00eatre signal\u00e9 \u00e0 votre bureau du service national.<\/span><\/p><\/div>\n\t\t\t\t<\/div>\n\t\t\t\t<\/div>\n\t\t\t\t\t\t<\/div>\n\t\t\t\t\t<\/div>\n\t\t<\/div>\n\t\t\t\t\t\t\t\t<\/div>\n\t\t\t\t\t<\/div>\n\t\t<\/section>\n\t\t\t\t<section class=\"elementor-section elementor-top-section elementor-element elementor-element-4fdef849 elementor-section-full_width elementor-section-height-default elementor-section-height-default\" data-id=\"4fdef849\" data-element_type=\"section\">\n\t\t\t\t\t\t<div class=\"elementor-container elementor-column-gap-default\">\n\t\t\t\t\t\t\t<div class=\"elementor-row\">\n\t\t\t\t\t<div class=\"elementor-column elementor-col-100 elementor-top-column elementor-element elementor-element-2a2493e4\" data-id=\"2a2493e4\" data-element_type=\"column\">\n\t\t\t<div class=\"elementor-column-wrap elementor-element-populated\">\n\t\t\t\t\t\t\t<div class=\"elementor-widget-wrap\">\n\t\t\t\t\t\t<div class=\"elementor-element elementor-element-642f88f8 elementor-widget elementor-widget-menu-anchor\" data-id=\"642f88f8\" data-element_type=\"widget\" data-widget_type=\"menu-anchor.default\">\n\t\t\t\t<div class=\"elementor-widget-container\">\n\t\t\t\t\t<div id=\"courses\" class=\"elementor-menu-anchor\"><\/div>\n\t\t\t\t<\/div>\n\t\t\t\t<\/div>\n\t\t\t\t<section class=\"elementor-section elementor-inner-section elementor-element elementor-element-55fb9f6e elementor-section-full_width elementor-section-height-default elementor-section-height-default\" data-id=\"55fb9f6e\" data-element_type=\"section\">\n\t\t\t\t\t\t<div class=\"elementor-container elementor-column-gap-default\">\n\t\t\t\t\t\t\t<div class=\"elementor-row\">\n\t\t\t\t\t<div class=\"elementor-column elementor-col-66 elementor-inner-column elementor-element elementor-element-18168ca6\" data-id=\"18168ca6\" data-element_type=\"column\">\n\t\t\t<div class=\"elementor-column-wrap elementor-element-populated\">\n\t\t\t\t\t\t\t<div class=\"elementor-widget-wrap\">\n\t\t\t\t\t\t<div class=\"elementor-element elementor-element-2d89c212 elementor-widget__width-auto elementor-widget elementor-widget-heading\" data-id=\"2d89c212\" data-element_type=\"widget\" data-widget_type=\"heading.default\">\n\t\t\t\t<div class=\"elementor-widget-container\">\n\t\t\t<h2 class=\"elementor-heading-title elementor-size-default\">RECENSEMENT MILITAIRE<\/h2>\t\t<\/div>\n\t\t\t\t<\/div>\n\t\t\t\t<div class=\"elementor-element elementor-element-2defc76f elementor-flip-box--effect-fade elementor-widget elementor-widget-flip-box\" data-id=\"2defc76f\" data-element_type=\"widget\" data-widget_type=\"flip-box.default\">\n\t\t\t\t<div class=\"elementor-widget-container\">\n\t\t\t\t\t<div class=\"elementor-flip-box\">\n\t\t\t<div class=\"elementor-flip-box__layer elementor-flip-box__front\">\n\t\t\t\t<div class=\"elementor-flip-box__layer__overlay\">\n\t\t\t\t\t<div class=\"elementor-flip-box__layer__inner\">\n\t\t\t\t\t\t\n\t\t\t\t\t\t\n\t\t\t\t\t\t\t\t\t\t\t\t\t<div class=\"elementor-flip-box__layer__description\">\n\t\t\t\t\t\t\t\tLe recensement pour la \u00ab journ\u00e9e d'appel \u00e0 la pr\u00e9paration \u00e0 la d\u00e9fense \u00bb (JAPD) est une obligation l\u00e9gale ayant pour objectif de sensibiliser les jeunes fran\u00e7ais aux questions li\u00e9es \u00e0 la d\u00e9fense de la nation.\n<BR>Sont concern\u00e9(e)s :\n<BR>\n- Les jeunes hommes, de nationalit\u00e9 fran\u00e7aise, n\u00e9s \u00e0 compter du 1er janvier 1982.\n<BR>\n- Les jeunes filles, de nationalit\u00e9 fran\u00e7aise, n\u00e9es \u00e0 compter du 1er janvier 1983.\nConditions de d\u00e9livrance :\n<BR>L'int\u00e9ress\u00e9(e) doit se pr\u00e9senter entre la date d'anniversaire d\u00e8s 16 ans et \u00e0 la fin du troisi\u00e8me mois suivant (si ce d\u00e9lai est expir\u00e9, la situation peut \u00eatre r\u00e9gularis\u00e9e \u00e0 tout moment et, dans tous les cas avant l'\u00e2ge de 25 ans).<BR>\n<BR>Pi\u00e8ces \u00e0 fournir :\n\n- La pi\u00e8ce d'identit\u00e9 de la personne concern\u00e9e (carte nationale d'identit\u00e9 ou passeport), le cas \u00e9ch\u00e9ant, tout document justifiant de la nationalit\u00e9 fran\u00e7aise.\n<BR>\n- Le livret de famille des parents.\n<BR>\nL'attestation de recensement est n\u00e9cessaire pour se pr\u00e9senter aux examens et concours publics.\n<BR>\n\nATTENTION : aucun duplicata ne vous sera d\u00e9livr\u00e9 par votre mairie.\n<BR>\nEn cas de perte ou de vol de l'attestation, il est possible de demander un justificatif au bureau du service national : <BR>Bureau du Service National de Poitiers - Quartier Aboville B.P. 647 86023 POITIERS CEDEX T\u00e9l\u00e9phone : 05 49 00 24 12\nApr\u00e8s le recensement :\n\n- Entre la date du recensement et le 18\u00e8me anniversaire : les jeunes recens\u00e9s sont convoqu\u00e9s \u00e0 la journ\u00e9e d'appel de pr\u00e9paration \u00e0 la d\u00e9fense.\n\n- Jusqu'\u00e0 l'\u00e2ge de 25 ans : tout changement de domicile ou de situation doit \u00eatre signal\u00e9 \u00e0 votre bureau du service national.\n\t\t\t\t\t\t\t<\/div>\n\t\t\t\t\t\t\t\t\t\t\t<\/div>\n\t\t\t\t<\/div>\n\t\t\t<\/div>\n\t\t\t<div class=\"elementor-flip-box__layer elementor-flip-box__back\">\n\t\t\t<div class=\"elementor-flip-box__layer__overlay\">\n\t\t\t\t<div class=\"elementor-flip-box__layer__inner\">\n\t\t\t\t\t\n\t\t\t\t\t\t\t\t\t\t\t<div class=\"elementor-flip-box__layer__description\">\n\t\t\t\t\t\t\tLe recensement pour la \u00ab journ\u00e9e d'appel \u00e0 la pr\u00e9paration \u00e0 la d\u00e9fense \u00bb (JAPD) est une obligation l\u00e9gale ayant pour objectif de sensibiliser les jeunes fran\u00e7ais aux questions li\u00e9es \u00e0 la d\u00e9fense de la nation.\n<BR>Sont concern\u00e9(e)s :\n<BR>\n- Les jeunes hommes, de nationalit\u00e9 fran\u00e7aise, n\u00e9s \u00e0 compter du 1er janvier 1982.\n<BR>\n- Les jeunes filles, de nationalit\u00e9 fran\u00e7aise, n\u00e9es \u00e0 compter du 1er janvier 1983.\nConditions de d\u00e9livrance :\n<BR>L'int\u00e9ress\u00e9(e) doit se pr\u00e9senter entre la date d'anniversaire d\u00e8s 16 ans et \u00e0 la fin du troisi\u00e8me mois suivant (si ce d\u00e9lai est expir\u00e9, la situation peut \u00eatre r\u00e9gularis\u00e9e \u00e0 tout moment et, dans tous les cas avant l'\u00e2ge de 25 ans).<BR>\n<BR>Pi\u00e8ces \u00e0 fournir :\n\n- La pi\u00e8ce d'identit\u00e9 de la personne concern\u00e9e (carte nationale d'identit\u00e9 ou passeport), le cas \u00e9ch\u00e9ant, tout document justifiant de la nationalit\u00e9 fran\u00e7aise.\n<BR>\n- Le livret de famille des parents.\n<BR>\nL'attestation de recensement est n\u00e9cessaire pour se pr\u00e9senter aux examens et concours publics.\n<BR>\n\nATTENTION : aucun duplicata ne vous sera d\u00e9livr\u00e9 par votre mairie.\n<BR>\nEn cas de perte ou de vol de l'attestation, il est possible de demander un justificatif au bureau du service national : <BR>Bureau du Service National de Poitiers - Quartier Aboville B.P. 647 86023 POITIERS CEDEX T\u00e9l\u00e9phone : 05 49 00 24 12\nApr\u00e8s le recensement :\n\n- Entre la date du recensement et le 18\u00e8me anniversaire : les jeunes recens\u00e9s sont convoqu\u00e9s \u00e0 la journ\u00e9e d'appel de pr\u00e9paration \u00e0 la d\u00e9fense.\n\n- Jusqu'\u00e0 l'\u00e2ge de 25 ans : tout changement de domicile ou de situation doit \u00eatre signal\u00e9 \u00e0 votre bureau du service national.\t\t\t\t\t\t<\/div>\n\t\t\t\t\t\n\t\t\t\t\t\t\t\t<\/div>\n\t\t<\/div>\n\t\t<\/div>\n\t\t<\/div>\n\t\t\t\t<\/div>\n\t\t\t\t<\/div>\n\t\t\t\t\t\t<\/div>\n\t\t\t\t\t<\/div>\n\t\t<\/div>\n\t\t\t\t<div class=\"elementor-column elementor-col-33 elementor-inner-column elementor-element elementor-element-6594eee6\" data-id=\"6594eee6\" data-element_type=\"column\">\n\t\t\t<div class=\"elementor-column-wrap\">\n\t\t\t\t\t\t\t<div class=\"elementor-widget-wrap\">\n\t\t\t\t\t\t\t\t<\/div>\n\t\t\t\t\t<\/div>\n\t\t<\/div>\n\t\t\t\t\t\t\t\t<\/div>\n\t\t\t\t\t<\/div>\n\t\t<\/section>\n\t\t\t\t\t\t<\/div>\n\t\t\t\t\t<\/div>\n\t\t<\/div>\n\t\t\t\t\t\t\t\t<\/div>\n\t\t\t\t\t<\/div>\n\t\t<\/section>\n\t\t\t\t<section class=\"elementor-section elementor-top-section elementor-element elementor-element-2063890 elementor-section-boxed elementor-section-height-default elementor-section-height-default\" data-id=\"2063890\" data-element_type=\"section\">\n\t\t\t\t\t\t<div class=\"elementor-container elementor-column-gap-default\">\n\t\t\t\t\t\t\t<div class=\"elementor-row\">\n\t\t\t\t\t<div class=\"elementor-column elementor-col-100 elementor-top-column elementor-element elementor-element-b1d7b1e\" data-id=\"b1d7b1e\" data-element_type=\"column\">\n\t\t\t<div class=\"elementor-column-wrap elementor-element-populated\">\n\t\t\t\t\t\t\t<div class=\"elementor-widget-wrap\">\n\t\t\t\t\t\t<div class=\"elementor-element elementor-element-40f68dd elementor-button-info elementor-align-center elementor-widget elementor-widget-button\" data-id=\"40f68dd\" data-element_type=\"widget\" data-widget_type=\"button.default\">\n\t\t\t\t<div class=\"elementor-widget-container\">\n\t\t\t\t\t<div class=\"elementor-button-wrapper\">\n\t\t\t<a href=\"http:\/\/3-moutiers.fr\/wp-content\/uploads\/2021\/01\/plaquette-recensement-mairie.pdf\" target=\"_blank\" rel=\"nofollow\" class=\"elementor-button-link elementor-button elementor-size-lg\" role=\"button\">\n\t\t\t\t\t\t<span class=\"elementor-button-content-wrapper\">\n\t\t\t\t\t\t<span class=\"elementor-button-text\">Cliquez ici pour voir la plaquette d'information<\/span>\n\t\t<\/span>\n\t\t\t\t\t<\/a>\n\t\t<\/div>\n\t\t\t\t<\/div>\n\t\t\t\t<\/div>\n\t\t\t\t\t\t<\/div>\n\t\t\t\t\t<\/div>\n\t\t<\/div>\n\t\t\t\t\t\t\t\t<\/div>\n\t\t\t\t\t<\/div>\n\t\t<\/section>\n\t\t\t\t\t\t<\/div>\n\t\t\t\t\t\t<\/div>\n\t\t\t\t\t<\/div>\n\t\t","protected":false},"excerpt":{"rendered":"<p>Le recensement pour la \u00ab journ\u00e9e d&rsquo;appel \u00e0 la pr\u00e9paration \u00e0 la d\u00e9fense \u00bb (JAPD) est une obligation l\u00e9gale ayant pour objectif de sensibiliser les jeunes fran\u00e7ais aux questions li\u00e9es [&hellip;]<\/p>\n","protected":false},"author":1,"featured_media":0,"parent":38,"menu_order":0,"comment_status":"closed","ping_status":"closed","template":"","meta":{"footnotes":""},"class_list":["post-1568","page","type-page","status-publish","hentry"],"_links":{"self":[{"href":"http:\/\/3-moutiers.fr\/index.php\/wp-json\/wp\/v2\/pages\/1568","targetHints":{"allow":["GET"]}}],"collection":[{"href":"http:\/\/3-moutiers.fr\/index.php\/wp-json\/wp\/v2\/pages"}],"about":[{"href":"http:\/\/3-moutiers.fr\/index.php\/wp-json\/wp\/v2\/types\/page"}],"author":[{"embeddable":true,"href":"http:\/\/3-moutiers.fr\/index.php\/wp-json\/wp\/v2\/users\/1"}],"replies":[{"embeddable":true,"href":"http:\/\/3-moutiers.fr\/index.php\/wp-json\/wp\/v2\/comments?post=1568"}],"version-history":[{"count":3,"href":"http:\/\/3-moutiers.fr\/index.php\/wp-json\/wp\/v2\/pages\/1568\/revisions"}],"predecessor-version":[{"id":9562,"href":"http:\/\/3-moutiers.fr\/index.php\/wp-json\/wp\/v2\/pages\/1568\/revisions\/9562"}],"up":[{"embeddable":true,"href":"http:\/\/3-moutiers.fr\/index.php\/wp-json\/wp\/v2\/pages\/38"}],"wp:attachment":[{"href":"http:\/\/3-moutiers.fr\/index.php\/wp-json\/wp\/v2\/media?parent=1568"}],"curies":[{"name":"wp","href":"https:\/\/api.w.org\/{rel}","templated":true}]}}