{"id":172,"date":"2020-11-15T11:32:20","date_gmt":"2020-11-15T10:32:20","guid":{"rendered":"http:\/\/3-moutiers.fr\/?page_id=172"},"modified":"2021-03-10T10:27:03","modified_gmt":"2021-03-10T09:27:03","slug":"certificat-de-nationalite-francaise","status":"publish","type":"page","link":"http:\/\/3-moutiers.fr\/index.php\/mairie\/demarches-administratives\/certificat-de-nationalite-francaise\/","title":{"rendered":"Certificat de nationalit\u00e9 fran\u00e7aise"},"content":{"rendered":"\t\t<div data-elementor-type=\"wp-page\" data-elementor-id=\"172\" class=\"elementor elementor-172\" data-elementor-settings=\"[]\">\n\t\t\t\t\t\t<div class=\"elementor-inner\">\n\t\t\t\t\t\t\t<div class=\"elementor-section-wrap\">\n\t\t\t\t\t\t\t<section class=\"elementor-section elementor-top-section elementor-element elementor-element-6f15d7f elementor-section-boxed elementor-section-height-default elementor-section-height-default\" data-id=\"6f15d7f\" data-element_type=\"section\">\n\t\t\t\t\t\t<div class=\"elementor-container elementor-column-gap-default\">\n\t\t\t\t\t\t\t<div class=\"elementor-row\">\n\t\t\t\t\t<div class=\"elementor-column elementor-col-100 elementor-top-column elementor-element elementor-element-380aa104\" data-id=\"380aa104\" data-element_type=\"column\">\n\t\t\t<div class=\"elementor-column-wrap elementor-element-populated\">\n\t\t\t\t\t\t\t<div class=\"elementor-widget-wrap\">\n\t\t\t\t\t\t<div class=\"elementor-element elementor-element-5de97ac9 elementor-widget elementor-widget-text-editor\" data-id=\"5de97ac9\" data-element_type=\"widget\" data-widget_type=\"text-editor.default\">\n\t\t\t\t<div class=\"elementor-widget-container\">\n\t\t\t\t\t<div class=\"elementor-text-editor elementor-clearfix\"><!-- wp:heading {\"level\":5} -->\n<h5>Voir D\u00e9marches sur le site de : <a href=\"http:\/\/www.service-public.fr\"><span style=\"color: #993233;\">service-public.fr<\/span><\/a><\/h5>\n<!-- \/wp:heading --><!-- wp:paragraph -->\n<p><span style=\"color: #000000;\">Ce document n&rsquo;est remis qu&rsquo;une fois. Il est plus ou moins difficile \u00e0 obtenir selon la situation familiale (relation rompue, lieu de naissance, acte d&rsquo;\u00e9tat civil original&#8230;), mais il est le seul \u00e0 prouver la nationalit\u00e9 fran\u00e7aise.Il est donc indispensable pour prouver que vous \u00eates parent d&rsquo;enfant fran\u00e7ais.<\/span><\/p>\n<p><span style=\"color: #000000;\"><!-- \/wp:paragraph --><!-- wp:heading --><\/span><\/p>\n<h2><span style=\"color: #000000;\">D\u00e9finition<\/span><\/h2>\n<p><span style=\"color: #000000;\"><!-- \/wp:heading --><!-- wp:paragraph --><\/span><\/p>\n<p><span style=\"color: #000000;\">Le certificat de nationalit\u00e9 fran\u00e7aise est un document officiel, qui sert \u00e0 prouver la nationalit\u00e9 fran\u00e7aise. Il indique comment et pourquoi le demandeur a la qualit\u00e9 de fran\u00e7ais, ainsi que les documents qui ont permis de l&rsquo;\u00e9tablir. Il peut notamment \u00eatre demand\u00e9 dans les cas suivants : \u00e9tablissement d&rsquo;une premi\u00e8re carte d&rsquo;identit\u00e9 s\u00e9curis\u00e9e ou d&rsquo;un passeport, candidature \u00e0 un emploi dans la fonction publique.<\/span><\/p>\n<p><span style=\"color: #000000;\"><!-- \/wp:paragraph --><!-- wp:heading --><\/span><\/p>\n<h2><span style=\"color: #000000;\">D\u00e9p\u00f4t de la demande<\/span><\/h2>\n<p><span style=\"color: #000000;\"><!-- \/wp:heading --><!-- wp:paragraph --><\/span><\/p>\n<p><span style=\"color: #000000;\">Lieu du d\u00e9p\u00f4t : <\/span><br \/><span style=\"color: #000000;\">Selon sa situation, la personne doit s&rsquo;adresser : <\/span><br \/><span style=\"color: #000000;\">&#8211; au tribunal d&rsquo;instance comp\u00e9tent du lieu de son domicile, si elle r\u00e9side en France, au tribunal d&rsquo;instance comp\u00e9tent de son lieu de naissance, si elle est n\u00e9e en France mais qu&rsquo;elle r\u00e9side \u00e0 l&rsquo;\u00e9tranger. <\/span><br \/><span style=\"color: #000000;\">&#8211; au tribunal d&rsquo;instance du 1er arrondissement de Paris (Service de la nationalit\u00e9 des Fran\u00e7ais \u00e9tablis hors de France, 30 rue du ch\u00e2teau des rentiers, 75647 Paris Cedex 13 ), si elle est n\u00e9e et r\u00e9side \u00e0 l&rsquo;\u00e9tranger. Modalit\u00e9s de d\u00e9p\u00f4t : <\/span><br \/><span style=\"color: #000000;\">L&rsquo;int\u00e9ress\u00e9 doit pr\u00e9senter sa demande personnellement. Il peut le faire seul d\u00e8s l&rsquo;\u00e2ge de 16 ans. <\/span><br \/><span style=\"color: #000000;\">S&rsquo;il a moins de 16 ans, il doit \u00eatre repr\u00e9sent\u00e9 par la personne qui exerce l&rsquo;autorit\u00e9 parentale. Pi\u00e8ces \u00e0 fournir : <\/span><br \/><span style=\"color: #000000;\">Dans tous les cas, le tribunal est habilit\u00e9 \u00e0 demander la production de pi\u00e8ces suppl\u00e9mentaires, si les documents fournis par le demandeur ne suffisent pas \u00e0 \u00e9tablir sa qualit\u00e9 de fran\u00e7ais. <\/span><br \/><span style=\"color: #000000;\">Les originaux des pi\u00e8ces sont demand\u00e9s.<\/span><\/p>\n<p><span style=\"color: #000000;\"><!-- \/wp:paragraph --><!-- wp:heading --><\/span><\/p>\n<h2><span style=\"color: #000000;\">D\u00e9livrance du certificat<\/span><\/h2>\n<p><span style=\"color: #000000;\"><!-- \/wp:heading --><!-- wp:paragraph --><\/span><\/p>\n<p><span style=\"color: #000000;\">Le certificat de nationalit\u00e9 fran\u00e7aise est d\u00e9livr\u00e9 au seul int\u00e9ress\u00e9 par le greffier en chef du tribunal d&rsquo;instance comp\u00e9tent. <\/span><br \/><span style=\"color: #000000;\">La d\u00e9livrance est gratuite. A savoir : tous les tribunaux d&rsquo;instance ne sont pas comp\u00e9tents pour d\u00e9livrer le certificat. Se renseigner avant de se d\u00e9placer aupr\u00e8s du tribunal d&rsquo;instance le plus proche de son domicile ou de sa mairie (service d&rsquo;\u00e9tat civil) ou consulter la carte du site internet du Minist\u00e8re de la justice. Dur\u00e9e de validit\u00e9 :Le certificat de nationalit\u00e9 fran\u00e7aise n&rsquo;a pas de dur\u00e9e de validit\u00e9 limit\u00e9e dans le temps. <\/span><br \/><span style=\"color: #000000;\">Tant qu&rsquo;aucun \u00e9l\u00e9ment de droit ou de fait dans la situation de la personne n&rsquo;est intervenu post\u00e9rieurement \u00e0 sa date de d\u00e9livrance, il peut \u00eatre utilis\u00e9. Il faut donc pr\u00e9cieusement le conserver. Il fait foi jusqu&rsquo;\u00e0 preuve contraire.<\/span><\/p>\n<p><span style=\"color: #000000;\"><!-- \/wp:paragraph --><!-- wp:heading {\"level\":5} --><\/span><\/p>\n<h5><span style=\"color: #000000;\">Pour tous renseignements : <span style=\"color: #993233;\"><a style=\"color: #993233;\" href=\"http:\/\/3-moutiers.fr\/index.php\/contacts\/\" target=\"_blank\" rel=\"noreferrer noopener\" aria-label=\" (s\u2019ouvre dans un nouvel onglet)\">cliquez\u00a0ici<\/a><\/span><\/span><\/h5>\n<!-- \/wp:heading --><\/div>\n\t\t\t\t<\/div>\n\t\t\t\t<\/div>\n\t\t\t\t\t\t<\/div>\n\t\t\t\t\t<\/div>\n\t\t<\/div>\n\t\t\t\t\t\t\t\t<\/div>\n\t\t\t\t\t<\/div>\n\t\t<\/section>\n\t\t\t\t\t\t<\/div>\n\t\t\t\t\t\t<\/div>\n\t\t\t\t\t<\/div>\n\t\t","protected":false},"excerpt":{"rendered":"<p>Voir D\u00e9marches sur le site de : service-public.fr Ce document n&rsquo;est remis qu&rsquo;une fois. Il est plus ou moins difficile \u00e0 obtenir selon la situation familiale (relation rompue, lieu de [&hellip;]<\/p>\n","protected":false},"author":1,"featured_media":0,"parent":38,"menu_order":0,"comment_status":"closed","ping_status":"closed","template":"","meta":{"footnotes":""},"class_list":["post-172","page","type-page","status-publish","hentry"],"_links":{"self":[{"href":"http:\/\/3-moutiers.fr\/index.php\/wp-json\/wp\/v2\/pages\/172","targetHints":{"allow":["GET"]}}],"collection":[{"href":"http:\/\/3-moutiers.fr\/index.php\/wp-json\/wp\/v2\/pages"}],"about":[{"href":"http:\/\/3-moutiers.fr\/index.php\/wp-json\/wp\/v2\/types\/page"}],"author":[{"embeddable":true,"href":"http:\/\/3-moutiers.fr\/index.php\/wp-json\/wp\/v2\/users\/1"}],"replies":[{"embeddable":true,"href":"http:\/\/3-moutiers.fr\/index.php\/wp-json\/wp\/v2\/comments?post=172"}],"version-history":[{"count":0,"href":"http:\/\/3-moutiers.fr\/index.php\/wp-json\/wp\/v2\/pages\/172\/revisions"}],"up":[{"embeddable":true,"href":"http:\/\/3-moutiers.fr\/index.php\/wp-json\/wp\/v2\/pages\/38"}],"wp:attachment":[{"href":"http:\/\/3-moutiers.fr\/index.php\/wp-json\/wp\/v2\/media?parent=172"}],"curies":[{"name":"wp","href":"https:\/\/api.w.org\/{rel}","templated":true}]}}