{"id":3640,"date":"2021-03-10T08:36:33","date_gmt":"2021-03-10T07:36:33","guid":{"rendered":"http:\/\/3-moutiers.fr\/?page_id=3640"},"modified":"2023-07-31T13:47:08","modified_gmt":"2023-07-31T11:47:08","slug":"mentions-legales","status":"publish","type":"page","link":"http:\/\/3-moutiers.fr\/index.php\/mentions-legales\/","title":{"rendered":"Mentions l\u00e9gales"},"content":{"rendered":"\t\t<div data-elementor-type=\"wp-page\" data-elementor-id=\"3640\" class=\"elementor elementor-3640\" data-elementor-settings=\"[]\">\n\t\t\t\t\t\t<div class=\"elementor-inner\">\n\t\t\t\t\t\t\t<div class=\"elementor-section-wrap\">\n\t\t\t\t\t\t\t<section class=\"elementor-section elementor-top-section elementor-element elementor-element-ab63f06 elementor-section-boxed elementor-section-height-default elementor-section-height-default\" data-id=\"ab63f06\" data-element_type=\"section\">\n\t\t\t\t\t\t<div class=\"elementor-container elementor-column-gap-default\">\n\t\t\t\t\t\t\t<div class=\"elementor-row\">\n\t\t\t\t\t<div class=\"elementor-column elementor-col-100 elementor-top-column elementor-element elementor-element-fcf8888\" data-id=\"fcf8888\" data-element_type=\"column\">\n\t\t\t<div class=\"elementor-column-wrap elementor-element-populated\">\n\t\t\t\t\t\t\t<div class=\"elementor-widget-wrap\">\n\t\t\t\t\t\t<div class=\"elementor-element elementor-element-2203858 elementor-widget elementor-widget-text-editor\" data-id=\"2203858\" data-element_type=\"widget\" data-widget_type=\"text-editor.default\">\n\t\t\t\t<div class=\"elementor-widget-container\">\n\t\t\t\t\t<div class=\"elementor-text-editor elementor-clearfix\"><p style=\"text-align: center;\">Mairie des Trois Moutiers<\/p><p style=\"text-align: center;\"><span class=\"LrzXr\">14 Avenue Aristide Gigo<\/span>t<\/p><p style=\"text-align: center;\"><span class=\"LrzXr\">86120 Les Trois-Moutiers<\/span><\/p><p style=\"text-align: center;\"><span class=\"GRkHZd w8qArf\"><a class=\"fl\" href=\"https:\/\/www.google.com\/search?client=firefox-b-d&amp;q=mairie+les+trois+moutiers+t%C3%A9l%C3%A9phone&amp;ludocid=11916301045431343279&amp;sa=X&amp;ved=2ahUKEwjAjqmHnKXvAhUEqxoKHS7NDzUQ6BMwGXoECBYQAg\" data-ved=\"2ahUKEwjAjqmHnKXvAhUEqxoKHS7NDzUQ6BMwGXoECBYQAg\">T\u00e9l\u00e9phone<\/a>\u00a0: <\/span><span class=\"LrzXr zdqRlf kno-fv\"><a href=\"https:\/\/www.google.com\/search?client=firefox-b-d&amp;q=mairie+des+trois+moutiers#\" data-dtype=\"d3ifr\" data-local-attribute=\"d3ph\" data-ved=\"2ahUKEwjAjqmHnKXvAhUEqxoKHS7NDzUQkAgoADAZegQIFhAD\"><span role=\"link\" aria-label=\"Appeler le 05 49 22 63 90\">05 49 22 63 90<\/span><\/a><\/span><\/p><p>\u00a0<\/p><p style=\"text-align: center;\">H\u00e9bergement du site WEB: OVH paris<\/p><p>\u00a0<\/p><\/div>\n\t\t\t\t<\/div>\n\t\t\t\t<\/div>\n\t\t\t\t\t\t<\/div>\n\t\t\t\t\t<\/div>\n\t\t<\/div>\n\t\t\t\t\t\t\t\t<\/div>\n\t\t\t\t\t<\/div>\n\t\t<\/section>\n\t\t\t\t<section class=\"elementor-section elementor-top-section elementor-element elementor-element-9db5e58 elementor-section-boxed elementor-section-height-default elementor-section-height-default\" data-id=\"9db5e58\" data-element_type=\"section\">\n\t\t\t\t\t\t<div class=\"elementor-container elementor-column-gap-default\">\n\t\t\t\t\t\t\t<div class=\"elementor-row\">\n\t\t\t\t\t<div class=\"elementor-column elementor-col-100 elementor-top-column elementor-element elementor-element-7052ad9\" data-id=\"7052ad9\" data-element_type=\"column\">\n\t\t\t<div class=\"elementor-column-wrap elementor-element-populated\">\n\t\t\t\t\t\t\t<div class=\"elementor-widget-wrap\">\n\t\t\t\t\t\t<div class=\"elementor-element elementor-element-0e5c6a4 elementor-widget elementor-widget-text-editor\" data-id=\"0e5c6a4\" data-element_type=\"widget\" data-widget_type=\"text-editor.default\">\n\t\t\t\t<div class=\"elementor-widget-container\">\n\t\t\t\t\t<div class=\"elementor-text-editor elementor-clearfix\"><h3>Etablir un lien vers le site 3-moutiers.fr<\/h3><p class=\"bodytext\">Le site des Trois Moutiers autorise tout site Internet ou tout autre support \u00e0 le citer ou \u00e0 mettre en place un lien hypertexte pointant vers son contenu.<\/p><p class=\"bodytext\">L&rsquo;autorisation de mise en place d&rsquo;un lien est valable pour tout support, \u00e0 l&rsquo;exception de ceux diffusant des informations \u00e0 caract\u00e8re pol\u00e9mique, pornographique, x\u00e9nophobe ou pouvant, dans une plus large mesure porter atteinte \u00e0 la sensibilit\u00e9 du plus grand nombre.<\/p><\/div>\n\t\t\t\t<\/div>\n\t\t\t\t<\/div>\n\t\t\t\t\t\t<\/div>\n\t\t\t\t\t<\/div>\n\t\t<\/div>\n\t\t\t\t\t\t\t\t<\/div>\n\t\t\t\t\t<\/div>\n\t\t<\/section>\n\t\t\t\t<section class=\"elementor-section elementor-top-section elementor-element elementor-element-758ee86 elementor-section-boxed elementor-section-height-default elementor-section-height-default\" data-id=\"758ee86\" data-element_type=\"section\">\n\t\t\t\t\t\t<div class=\"elementor-container elementor-column-gap-default\">\n\t\t\t\t\t\t\t<div class=\"elementor-row\">\n\t\t\t\t\t<div class=\"elementor-column elementor-col-100 elementor-top-column elementor-element elementor-element-19499f7\" data-id=\"19499f7\" data-element_type=\"column\">\n\t\t\t<div class=\"elementor-column-wrap elementor-element-populated\">\n\t\t\t\t\t\t\t<div class=\"elementor-widget-wrap\">\n\t\t\t\t\t\t<div class=\"elementor-element elementor-element-de3653f elementor-widget elementor-widget-text-editor\" data-id=\"de3653f\" data-element_type=\"widget\" data-widget_type=\"text-editor.default\">\n\t\t\t\t<div class=\"elementor-widget-container\">\n\t\t\t\t\t<div class=\"elementor-text-editor elementor-clearfix\"><h3>D\u00e9veloppements et h\u00e9bergement du site<\/h3><p class=\"bodytext\">Le site Internet des Trois Moutiers a \u00e9t\u00e9 cr\u00e9\u00e9 en Avril 2021. La version actuelle a \u00e9t\u00e9 mise en ligne en Avril 2021. Cette version utilise WORDPRESS .<\/p><p>Le site est h\u00e9berg\u00e9 par OVH .<\/p><p>\u00a0<\/p><\/div>\n\t\t\t\t<\/div>\n\t\t\t\t<\/div>\n\t\t\t\t\t\t<\/div>\n\t\t\t\t\t<\/div>\n\t\t<\/div>\n\t\t\t\t\t\t\t\t<\/div>\n\t\t\t\t\t<\/div>\n\t\t<\/section>\n\t\t\t\t<section class=\"elementor-section elementor-top-section elementor-element elementor-element-4342905 elementor-section-boxed elementor-section-height-default elementor-section-height-default\" data-id=\"4342905\" data-element_type=\"section\">\n\t\t\t\t\t\t<div class=\"elementor-container elementor-column-gap-default\">\n\t\t\t\t\t\t\t<div class=\"elementor-row\">\n\t\t\t\t\t<div class=\"elementor-column elementor-col-100 elementor-top-column elementor-element elementor-element-10ca05a\" data-id=\"10ca05a\" data-element_type=\"column\">\n\t\t\t<div class=\"elementor-column-wrap elementor-element-populated\">\n\t\t\t\t\t\t\t<div class=\"elementor-widget-wrap\">\n\t\t\t\t\t\t<div class=\"elementor-element elementor-element-64b2c54 elementor-widget elementor-widget-text-editor\" data-id=\"64b2c54\" data-element_type=\"widget\" data-widget_type=\"text-editor.default\">\n\t\t\t\t<div class=\"elementor-widget-container\">\n\t\t\t\t\t<div class=\"elementor-text-editor elementor-clearfix\"><h3>Cr\u00e9dits photographiques<\/h3><p class=\"bodytext\">Les photographies pr\u00e9sent\u00e9es sur ce site sont prot\u00e9g\u00e9es par le Code de la propri\u00e9t\u00e9 intellectuelle et artistique<br \/><br \/>Tout usage commercial ou \u00e0 caract\u00e8re lucratif des images est interdit.<br \/><br \/>La ville des Trois Moutiers se r\u00e9serve le droit d\u2019engager les poursuites pour toute utilisation frauduleuse de ces images et notamment toute utilisation sortant du cadre des supports pr\u00e9sent\u00e9s \u00e0 savoir : fonds d\u2019\u00e9cran, diaporama, e-cartes, 360\u00b0, illustrations de rubriques.<br \/><br \/>Merci de bien vouloir contacter la mairiepour toutes demandes de renseignements.<br \/><br \/><\/p><\/div>\n\t\t\t\t<\/div>\n\t\t\t\t<\/div>\n\t\t\t\t\t\t<\/div>\n\t\t\t\t\t<\/div>\n\t\t<\/div>\n\t\t\t\t\t\t\t\t<\/div>\n\t\t\t\t\t<\/div>\n\t\t<\/section>\n\t\t\t\t<section class=\"elementor-section elementor-top-section elementor-element elementor-element-636c055 elementor-section-boxed elementor-section-height-default elementor-section-height-default\" data-id=\"636c055\" data-element_type=\"section\">\n\t\t\t\t\t\t<div class=\"elementor-container elementor-column-gap-default\">\n\t\t\t\t\t\t\t<div class=\"elementor-row\">\n\t\t\t\t\t<div class=\"elementor-column elementor-col-100 elementor-top-column elementor-element elementor-element-2720c72\" data-id=\"2720c72\" data-element_type=\"column\">\n\t\t\t<div class=\"elementor-column-wrap elementor-element-populated\">\n\t\t\t\t\t\t\t<div class=\"elementor-widget-wrap\">\n\t\t\t\t\t\t<div class=\"elementor-element elementor-element-692925e elementor-widget elementor-widget-text-editor\" data-id=\"692925e\" data-element_type=\"widget\" data-widget_type=\"text-editor.default\">\n\t\t\t\t<div class=\"elementor-widget-container\">\n\t\t\t\t\t<div class=\"elementor-text-editor elementor-clearfix\"><h3>Droits d&rsquo;auteur<\/h3><p class=\"bodytext\">\u00ab\u00a0Ce site respecte le droit d&rsquo;auteur. Tous les droits des auteurs des \u0153uvres prot\u00e9g\u00e9es reproduites et communiqu\u00e9es sur ce site, sont r\u00e9serv\u00e9s. Sauf autorisation, toute utilisation des \u0153uvres autres que la reproduction et la consultation individuelles et priv\u00e9es sont interdites\u00a0\u00bb.<\/p><\/div>\n\t\t\t\t<\/div>\n\t\t\t\t<\/div>\n\t\t\t\t\t\t<\/div>\n\t\t\t\t\t<\/div>\n\t\t<\/div>\n\t\t\t\t\t\t\t\t<\/div>\n\t\t\t\t\t<\/div>\n\t\t<\/section>\n\t\t\t\t<section class=\"elementor-section elementor-top-section elementor-element elementor-element-c16daae elementor-section-boxed elementor-section-height-default elementor-section-height-default\" data-id=\"c16daae\" data-element_type=\"section\">\n\t\t\t\t\t\t<div class=\"elementor-container elementor-column-gap-default\">\n\t\t\t\t\t\t\t<div class=\"elementor-row\">\n\t\t\t\t\t<div class=\"elementor-column elementor-col-100 elementor-top-column elementor-element elementor-element-bf15216\" data-id=\"bf15216\" data-element_type=\"column\">\n\t\t\t<div class=\"elementor-column-wrap elementor-element-populated\">\n\t\t\t\t\t\t\t<div class=\"elementor-widget-wrap\">\n\t\t\t\t\t\t<div class=\"elementor-element elementor-element-0e823ec elementor-widget elementor-widget-text-editor\" data-id=\"0e823ec\" data-element_type=\"widget\" data-widget_type=\"text-editor.default\">\n\t\t\t\t<div class=\"elementor-widget-container\">\n\t\t\t\t\t<div class=\"elementor-text-editor elementor-clearfix\"><div class=\"row bloc-header bloc-header-h3\">\n<div class=\"columns large-12 medium-12 small-12 page-content\">\n<h3>Traitement des donn\u00e9es personnelles<\/h3>\n<\/div>\n<\/div>\n<p class=\"bodytext\">La Ville des Trois Moutiers attache une importance particuli\u00e8re \u00e0 la protection des donn\u00e9es \u00e0 caract\u00e8re personnel et au respect de la r\u00e9glementation en vigueur dans ce domaine.<\/p>\n<p class=\"bodytext\">La collectivit\u00e9 s\u2019engage \u00e0 ce que la collecte et le traitement de vos donn\u00e9es effectu\u00e9s \u00e0 partir du site <a href=\"http:\/\/www.angers.fr\/\" target=\"_blank\" rel=\"noopener\">www.3-moutiers.fr<\/a> soient conformes \u00e0 la loi Informatique et Libert\u00e9s.<\/p>\n<p class=\"bodytext\">Chaque formulaire ou t\u00e9l\u00e9service limite la collecte des donn\u00e9es personnelles au strict n\u00e9cessaire et indique clairement:<\/p>\n<p>l\u2019objectif du recueil de ces donn\u00e9es (finalit\u00e9s)<\/p>\n<p>si ces donn\u00e9es sont obligatoires ou facultatives pour la gestion de votre demande<\/p>\n<p>qui pourra en prendre connaissance (uniquement la Ville des Trois Moutiers en principe, sauf pr\u00e9cision contraire dans le formulaire de saisie lorsqu\u2019une transmission \u00e0 un tiers est strictement n\u00e9cessaire pour la gestion de votre demande)<\/p>\n<p class=\"bodytext\">Conform\u00e9ment au R\u00e8glement Europ\u00e9en sur la Protection des Donn\u00e9es du 27 avril 2016 et \u00e0 la Loi \u00ab&nbsp;Informatique et libert\u00e9s&nbsp;\u00bb du 6 janvier 1978, modifi\u00e9e, vous b\u00e9n\u00e9ficiez de droits sur vos donn\u00e9es (acc\u00e8s, rectification, opposition, suppression&#8230;). Pour exercer vos droits ou pour toute question relative \u00e0 ce traitement, vous pouvez contacter le D\u00e9l\u00e9gu\u00e9 \u00e0 la Protection des Donn\u00e9es:<\/p>\n<p class=\"bodytext\"><br><\/p>\n<p class=\"bodytext\">Vous avez la possibilit\u00e9 d\u2019introduire une r\u00e9clamation aupr\u00e8s de l\u2019autorit\u00e9 de contr\u00f4le (Cnil)<\/p><\/div>\n\t\t\t\t<\/div>\n\t\t\t\t<\/div>\n\t\t\t\t\t\t<\/div>\n\t\t\t\t\t<\/div>\n\t\t<\/div>\n\t\t\t\t\t\t\t\t<\/div>\n\t\t\t\t\t<\/div>\n\t\t<\/section>\n\t\t\t\t\t\t<\/div>\n\t\t\t\t\t\t<\/div>\n\t\t\t\t\t<\/div>\n\t\t","protected":false},"excerpt":{"rendered":"<p>Mairie des Trois Moutiers 14 Avenue Aristide Gigot 86120 Les Trois-Moutiers T\u00e9l\u00e9phone\u00a0: 05 49 22 63 90 \u00a0 H\u00e9bergement du site WEB: OVH paris \u00a0 Etablir un lien vers le [&hellip;]<\/p>\n","protected":false},"author":1,"featured_media":0,"parent":0,"menu_order":0,"comment_status":"closed","ping_status":"closed","template":"","meta":{"footnotes":""},"class_list":["post-3640","page","type-page","status-publish","hentry"],"_links":{"self":[{"href":"http:\/\/3-moutiers.fr\/index.php\/wp-json\/wp\/v2\/pages\/3640","targetHints":{"allow":["GET"]}}],"collection":[{"href":"http:\/\/3-moutiers.fr\/index.php\/wp-json\/wp\/v2\/pages"}],"about":[{"href":"http:\/\/3-moutiers.fr\/index.php\/wp-json\/wp\/v2\/types\/page"}],"author":[{"embeddable":true,"href":"http:\/\/3-moutiers.fr\/index.php\/wp-json\/wp\/v2\/users\/1"}],"replies":[{"embeddable":true,"href":"http:\/\/3-moutiers.fr\/index.php\/wp-json\/wp\/v2\/comments?post=3640"}],"version-history":[{"count":3,"href":"http:\/\/3-moutiers.fr\/index.php\/wp-json\/wp\/v2\/pages\/3640\/revisions"}],"predecessor-version":[{"id":7591,"href":"http:\/\/3-moutiers.fr\/index.php\/wp-json\/wp\/v2\/pages\/3640\/revisions\/7591"}],"wp:attachment":[{"href":"http:\/\/3-moutiers.fr\/index.php\/wp-json\/wp\/v2\/media?parent=3640"}],"curies":[{"name":"wp","href":"https:\/\/api.w.org\/{rel}","templated":true}]}}