{"id":3825,"date":"2021-03-10T11:10:11","date_gmt":"2021-03-10T10:10:11","guid":{"rendered":"http:\/\/3-moutiers.fr\/?page_id=3825"},"modified":"2026-03-24T10:02:16","modified_gmt":"2026-03-24T09:02:16","slug":"reservation-salle-de-letang","status":"publish","type":"page","link":"http:\/\/3-moutiers.fr\/index.php\/reservation-salle-de-letang\/","title":{"rendered":"R\u00e9servation Salle de l&rsquo;Etang"},"content":{"rendered":"\t\t<div data-elementor-type=\"wp-page\" data-elementor-id=\"3825\" class=\"elementor elementor-3825\" data-elementor-settings=\"[]\">\n\t\t\t\t\t\t<div class=\"elementor-inner\">\n\t\t\t\t\t\t\t<div class=\"elementor-section-wrap\">\n\t\t\t\t\t\t\t<section class=\"elementor-section elementor-top-section elementor-element elementor-element-f850c6f elementor-section-boxed elementor-section-height-default elementor-section-height-default\" data-id=\"f850c6f\" data-element_type=\"section\">\n\t\t\t\t\t\t<div class=\"elementor-container elementor-column-gap-default\">\n\t\t\t\t\t\t\t<div class=\"elementor-row\">\n\t\t\t\t\t<div class=\"elementor-column elementor-col-100 elementor-top-column elementor-element elementor-element-13d5819\" data-id=\"13d5819\" data-element_type=\"column\">\n\t\t\t<div class=\"elementor-column-wrap elementor-element-populated\">\n\t\t\t\t\t\t\t<div class=\"elementor-widget-wrap\">\n\t\t\t\t\t\t<div class=\"elementor-element elementor-element-8355768 elementor-widget elementor-widget-text-editor\" data-id=\"8355768\" data-element_type=\"widget\" data-widget_type=\"text-editor.default\">\n\t\t\t\t<div class=\"elementor-widget-container\">\n\t\t\t\t\t<div class=\"elementor-text-editor elementor-clearfix\"><h2><span style=\"color: #000000;\">Location des salles communales<\/span><\/h2><p><span style=\"color: #000000;\">Vous trouverez ci-dessous les plans des salles ainsi que les conventions \u00e0 imprimer, \u00e0 remplir et \u00e0 adresser \u00e0 la mairie des Trois-Moutiers accompagn\u00e9es des justificatifs demand\u00e9s (versement des arrhes pour la r\u00e9servation, r\u00e8glement de la salle, ch\u00e8ques de caution, attestation d&rsquo;assurance).<\/span><\/p><p><span style=\"color: #000000;\"><a href=\"http:\/\/3-moutiers.fr\/wp-content\/uploads\/2024\/10\/TARIFS-LOCATIONS-SALLES-2024.pdf\"><span style=\"color: #993300;\"><strong>CLIQUER ICI POUR VOIR TOUS LES TARIFS<\/strong><\/span><\/a><br \/><\/span><\/p><p><span style=\"color: #000000;\"><b>Mairie des Trois-Moutiers<\/b> <\/span><br \/><span style=\"color: #000000;\">14 avenue Aristide Gigot <\/span><br \/><span style=\"color: #000000;\">86120 Les Trois-Moutiers <\/span><br \/><span style=\"color: #000000;\">T\u00e9l\u00e9phone : 05 49 22 63 90\u00a0 <\/span><br \/><span style=\"color: #000000;\">Email : <a style=\"color: #000000;\" href=\"mailto:mairie-3moutiers@wanadoo.fr\">mairie@3-moutiers.fr<\/a><\/span><\/p><\/div>\n\t\t\t\t<\/div>\n\t\t\t\t<\/div>\n\t\t\t\t\t\t<\/div>\n\t\t\t\t\t<\/div>\n\t\t<\/div>\n\t\t\t\t\t\t\t\t<\/div>\n\t\t\t\t\t<\/div>\n\t\t<\/section>\n\t\t\t\t<section class=\"elementor-section elementor-top-section elementor-element elementor-element-6a3b532 elementor-section-boxed elementor-section-height-default elementor-section-height-default\" data-id=\"6a3b532\" data-element_type=\"section\">\n\t\t\t\t\t\t<div class=\"elementor-container elementor-column-gap-default\">\n\t\t\t\t\t\t\t<div class=\"elementor-row\">\n\t\t\t\t\t<div class=\"elementor-column elementor-col-100 elementor-top-column elementor-element elementor-element-5df31ee\" data-id=\"5df31ee\" data-element_type=\"column\">\n\t\t\t<div class=\"elementor-column-wrap elementor-element-populated\">\n\t\t\t\t\t\t\t<div class=\"elementor-widget-wrap\">\n\t\t\t\t\t\t<div class=\"elementor-element elementor-element-5d3acf4 elementor-widget elementor-widget-html\" data-id=\"5d3acf4\" data-element_type=\"widget\" data-widget_type=\"html.default\">\n\t\t\t\t<div class=\"elementor-widget-container\">\n\t\t\t<iframe loading=\"lazy\" src=\"https:\/\/calendar.google.com\/calendar\/embed?src=pq2e0gb90p4hi3ld8p4225ka8o%40group.calendar.google.com&ctz=Europe%2FParis\" style=\"border: 0\" width=\"800\" height=\"600\" frameborder=\"0\" scrolling=\"no\"><\/iframe>\t\t<\/div>\n\t\t\t\t<\/div>\n\t\t\t\t\t\t<\/div>\n\t\t\t\t\t<\/div>\n\t\t<\/div>\n\t\t\t\t\t\t\t\t<\/div>\n\t\t\t\t\t<\/div>\n\t\t<\/section>\n\t\t\t\t<section class=\"elementor-section elementor-top-section elementor-element elementor-element-eec34c3 elementor-section-content-middle elementor-section-boxed elementor-section-height-default elementor-section-height-default\" data-id=\"eec34c3\" data-element_type=\"section\">\n\t\t\t\t\t\t<div class=\"elementor-container elementor-column-gap-no\">\n\t\t\t\t\t\t\t<div class=\"elementor-row\">\n\t\t\t\t\t<div class=\"elementor-column elementor-col-50 elementor-top-column elementor-element elementor-element-ddec1ad\" data-id=\"ddec1ad\" data-element_type=\"column\">\n\t\t\t<div class=\"elementor-column-wrap elementor-element-populated\">\n\t\t\t\t\t\t\t<div class=\"elementor-widget-wrap\">\n\t\t\t\t\t\t<div class=\"elementor-element elementor-element-98298c8 elementor-widget elementor-widget-image\" data-id=\"98298c8\" data-element_type=\"widget\" data-widget_type=\"image.default\">\n\t\t\t\t<div class=\"elementor-widget-container\">\n\t\t\t\t\t<div class=\"elementor-image\">\n\t\t\t\t\t\t\t\t\t\t<img loading=\"lazy\" decoding=\"async\" width=\"650\" height=\"200\" src=\"http:\/\/3-moutiers.fr\/wp-content\/uploads\/2020\/11\/salleetang.jpg\" class=\"attachment-full size-full\" alt=\"\" \/>\t\t\t\t\t\t\t\t\t\t\t<\/div>\n\t\t\t\t<\/div>\n\t\t\t\t<\/div>\n\t\t\t\t\t\t<\/div>\n\t\t\t\t\t<\/div>\n\t\t<\/div>\n\t\t\t\t<div class=\"elementor-column elementor-col-50 elementor-top-column elementor-element elementor-element-237b11b\" data-id=\"237b11b\" data-element_type=\"column\">\n\t\t\t<div class=\"elementor-column-wrap elementor-element-populated\">\n\t\t\t\t\t\t\t<div class=\"elementor-widget-wrap\">\n\t\t\t\t\t\t<div class=\"elementor-element elementor-element-c45cc42 elementor-view-default elementor-widget elementor-widget-icon\" data-id=\"c45cc42\" data-element_type=\"widget\" data-widget_type=\"icon.default\">\n\t\t\t\t<div class=\"elementor-widget-container\">\n\t\t\t\t\t<div class=\"elementor-icon-wrapper\">\n\t\t\t<div class=\"elementor-icon\">\n\t\t\t\t\t\t\t<i class=\"fa fa-quote-left\" aria-hidden=\"true\"><\/i>\n\t\t\t\t\t\t<\/div>\n\t\t<\/div>\n\t\t\t\t<\/div>\n\t\t\t\t<\/div>\n\t\t\t\t<div class=\"elementor-element elementor-element-4a8a729 elementor-widget elementor-widget-text-editor\" data-id=\"4a8a729\" data-element_type=\"widget\" data-widget_type=\"text-editor.default\">\n\t\t\t\t<div class=\"elementor-widget-container\">\n\t\t\t\t\t<div class=\"elementor-text-editor elementor-clearfix\"><p><a href=\"http:\/\/3-moutiers.fr\/wp-content\/uploads\/2025\/03\/PLAN-SALLE-ETANG.pdf\">http:\/\/3-moutiers.fr\/wp-content\/uploads\/2025\/03\/PLAN-SALLE-ETANG.pdf<\/a>Salle de l&rsquo;\u00e9tang : <small>Capacit\u00e9 d&rsquo;accueil de 80 personnes<\/small><\/p><p><a href=\"http:\/\/3-moutiers.fr\/wp-content\/uploads\/2025\/03\/PLAN-SALLE-ETANG.pdf\"><span style=\"color: #993233;\">Plan de la salle<\/span> <\/a><br \/><a href=\"http:\/\/3-moutiers.fr\/wp-content\/uploads\/2026\/03\/CONVENTION-SALLE-ETANG.pdf\">Convention de location<\/a><br \/><b>Disponibilit\u00e9 et location aupr\u00e8s de la mairie : Tel. 05 49 22 63 90<\/b><\/p><\/div>\n\t\t\t\t<\/div>\n\t\t\t\t<\/div>\n\t\t\t\t\t\t<\/div>\n\t\t\t\t\t<\/div>\n\t\t<\/div>\n\t\t\t\t\t\t\t\t<\/div>\n\t\t\t\t\t<\/div>\n\t\t<\/section>\n\t\t\t\t\t\t<\/div>\n\t\t\t\t\t\t<\/div>\n\t\t\t\t\t<\/div>\n\t\t","protected":false},"excerpt":{"rendered":"<p>Location des salles communales Vous trouverez ci-dessous les plans des salles ainsi que les conventions \u00e0 imprimer, \u00e0 remplir et \u00e0 adresser \u00e0 la mairie des Trois-Moutiers accompagn\u00e9es des justificatifs [&hellip;]<\/p>\n","protected":false},"author":1,"featured_media":0,"parent":0,"menu_order":0,"comment_status":"closed","ping_status":"closed","template":"","meta":{"footnotes":""},"class_list":["post-3825","page","type-page","status-publish","hentry"],"_links":{"self":[{"href":"http:\/\/3-moutiers.fr\/index.php\/wp-json\/wp\/v2\/pages\/3825","targetHints":{"allow":["GET"]}}],"collection":[{"href":"http:\/\/3-moutiers.fr\/index.php\/wp-json\/wp\/v2\/pages"}],"about":[{"href":"http:\/\/3-moutiers.fr\/index.php\/wp-json\/wp\/v2\/types\/page"}],"author":[{"embeddable":true,"href":"http:\/\/3-moutiers.fr\/index.php\/wp-json\/wp\/v2\/users\/1"}],"replies":[{"embeddable":true,"href":"http:\/\/3-moutiers.fr\/index.php\/wp-json\/wp\/v2\/comments?post=3825"}],"version-history":[{"count":64,"href":"http:\/\/3-moutiers.fr\/index.php\/wp-json\/wp\/v2\/pages\/3825\/revisions"}],"predecessor-version":[{"id":9520,"href":"http:\/\/3-moutiers.fr\/index.php\/wp-json\/wp\/v2\/pages\/3825\/revisions\/9520"}],"wp:attachment":[{"href":"http:\/\/3-moutiers.fr\/index.php\/wp-json\/wp\/v2\/media?parent=3825"}],"curies":[{"name":"wp","href":"https:\/\/api.w.org\/{rel}","templated":true}]}}