{"id":174,"date":"2021-03-10T10:28:02","date_gmt":"2021-03-10T09:28:02","guid":{"rendered":"http:\/\/3-moutiers.fr\/?page_id=174"},"modified":"2021-03-10T10:28:02","modified_gmt":"2021-03-10T09:28:02","slug":"etat-civil","status":"publish","type":"page","link":"https:\/\/3-moutiers.fr\/index.php\/mairie\/demarches-administratives\/etat-civil\/","title":{"rendered":"Etat civil"},"content":{"rendered":"\n<table class=\"wp-block-table\"><tbody><tr><td>\n  <strong>D\u00e9claration de naissance <\/strong>\n  <strong>O\u00f9 ? <\/strong>\n  <strong>\u00c0 la mairie du lieu d&rsquo;accouchement.. <\/strong>\n  <strong>Quand ? <\/strong>\n  <strong>Dans un d\u00e9lai de 3 jours. Le jour de l&rsquo;accouchement\n  n&rsquo;est pas compt\u00e9. <\/strong>\n  <strong>Qui ? <\/strong>\n  <strong>Selon une pratique courante, les naissances sont\n  d\u00e9clar\u00e9es par le pr\u00e9pos\u00e9 de la maternit\u00e9. La d\u00e9claration de naissance peut\n  \u00eatre \u00e9galement effectu\u00e9e par les personnes qui y sont l\u00e9galement tenues : le\n  p\u00e8re ou \u00e0 d\u00e9faut du p\u00e8re, par les docteurs en m\u00e9decine, sages-femmes, ou\n  autres personnes ayant assist\u00e9 \u00e0 l&rsquo;accouchement. <\/strong>\n  <strong>Pi\u00e8ces \u00e0 fournir <\/strong>\n  <strong>&#8211; Certificat m\u00e9dical d&rsquo;accouchement<\/strong>\n  <strong>&#8211; Livret de famille ou tout document d&rsquo;\u00e9tat civil<\/strong>\n  <strong>&#8211; Copie de la reconnaissance anticip\u00e9e de l&rsquo;enfant n\u00e9\n  de parents non mari\u00e9s le cas \u00e9ch\u00e9ant.<\/strong>\n  <strong>Reconnaissance <\/strong>\n  <strong>La d\u00e9claration de reconnaissance permet d&rsquo;\u00e9tablir un\n  lien de filiation. <\/strong>\n  <strong>O\u00f9 ? <\/strong>\n  <strong>Tout officier d&rsquo;\u00e9tat-civil est comp\u00e9tent pour recevoir\n  une reconnaissance, quel que soit le lieu de naissance. La reconnaissance\n  peut \u00eatre faite \u00e9galement devant un notaire. <\/strong>\n  <strong>Quand ? <\/strong>\n  <strong>Elle se fait \u00e0 tout moment : avant, lors de la\n  d\u00e9claration de naissance ou apr\u00e8s la naissance. <\/strong>\n  <strong>Qui ? <\/strong>\n  <strong>Le p\u00e8re et la m\u00e8re : ils peuvent reconna\u00eetre l&rsquo;enfant\n  ensemble ou s\u00e9par\u00e9ment avant la naissance. <\/strong>\n  <strong>L&rsquo;auteur de la reconnaissance doit \u00eatre inform\u00e9 du\n  caract\u00e8re divisible du lien de filiation ainsi \u00e9tabli. Le caract\u00e8re divisible\n  signifie que les deux filiations, maternelle et paternelle sont ind\u00e9pendantes\n  l&rsquo;une de l&rsquo;autre. L&rsquo;auteur de la reconnaissance n&rsquo;a pas \u00e0 avoir\n  l&rsquo;autorisation de l&rsquo;autre. <\/strong>\n  <strong>Pi\u00e8ces \u00e0 fournir <\/strong>\n  <strong>&#8211; Une pi\u00e8ce d&rsquo;identit\u00e9 sera pr\u00e9sent\u00e9e pour la r\u00e9daction\n  de l&rsquo;acte.<\/strong>\n  <\/td><\/tr><\/tbody><\/table>\n\n\n\n<p><strong><a href=\"http:\/\/mairie.les3moutiers.free.fr\/mdetatcivil.php#haut\">Haut\nde page<\/a><\/strong><\/p>\n\n\n\n<table class=\"wp-block-table\"><tbody><tr><td>\n  <strong>Mariage <\/strong>\n  <strong>O\u00f9 ? <\/strong>\n  <strong>Dans la commune o\u00f9 l&rsquo;un des deux \u00e9poux aura son\n  domicile ou sa r\u00e9sidence \u00e9tablie pour un mois au moins d&rsquo;habitation continue\n  \u00e0 la date de la publication pr\u00e9vue par la loi. <\/strong>\n  <strong>Formalit\u00e9s <\/strong>\n  <strong>Dossier \u00e0 retirer aupr\u00e8s du service \u00e9tat civil. <br>\n  D\u00e9pos\u00e9 \u00e0 la mairie du lieu de mariage en pr\u00e9sence des futurs \u00e9poux. <br>\n  La c\u00e9l\u00e9bration du mariage est pr\u00e9c\u00e9d\u00e9e d&rsquo;une publication \u00e0 la mairie du lieu\n  de mariage, \u00e0 la mairie du domicile de l&rsquo;un ou des deux futurs \u00e9poux lorsque\n  celui-ci est distinct du lieu du mariage. <\/strong>\n  <strong>Pi\u00e8ces \u00e0 fournir <\/strong>\n  <strong>&#8211; Acte de naissance datant de moins de trois mois au\n  jour du mariage<\/strong>\n  <strong>&#8211; Attestation de domicile souscrite sur l&rsquo;honneur<\/strong>\n  <strong>&#8211; Justificatif de domicile (quittance de loyer,\n  quittance de gaz, d&rsquo;\u00e9lectricit\u00e9, de t\u00e9l\u00e9phone)<\/strong>\n  <strong>&#8211; Liste des t\u00e9moins (copie de leurs pi\u00e8ces d&rsquo;identit\u00e9\n  et copie de leurs justificatifs de domicile)<\/strong>\n  <strong>&#8211; Pr\u00e9sentation d&rsquo;une pi\u00e8ce d&rsquo;identit\u00e9<\/strong>\n  <strong>&#8211; Des pi\u00e8ces compl\u00e9mentaires vous seront demand\u00e9es\n  selon votre situation.<\/strong>\n  <\/td><\/tr><\/tbody><\/table>\n\n\n\n<p><strong><a href=\"http:\/\/mairie.les3moutiers.free.fr\/mdetatcivil.php#haut\">Haut\nde page<\/a><\/strong><\/p>\n\n\n\n<table class=\"wp-block-table\"><tbody><tr><td>\n  <strong>D\u00e9c\u00e8s <\/strong>\n  <strong>O\u00f9 ? <\/strong>\n  <strong>L&rsquo;acte de d\u00e9c\u00e8s sera dress\u00e9 par l&rsquo;officier de l&rsquo;\u00e9tat\n  civil de la commune o\u00f9 le d\u00e9c\u00e8s a eu lieu. <\/strong>\n  <strong>Quand ? <\/strong>\n  <strong>La d\u00e9claration doit \u00eatre faite dans un d\u00e9lai de\n  vingt-quatre heures depuis le d\u00e9c\u00e8s. <\/strong>\n  <strong>Qui ? <\/strong>\n  <strong>Un parent du d\u00e9funt ou toute autre personne poss\u00e9dant\n  les renseignements les plus exacts sur son \u00e9tat civil et les plus complets. <br>\n  L&rsquo;officier de l&rsquo;\u00e9tat civil qui enregistre l&rsquo;acte de d\u00e9c\u00e8s envoie \u00e0 l&rsquo;officier\n  de l&rsquo;\u00e9tat civil du dernier domicile du d\u00e9funt une exp\u00e9dition de l&rsquo;acte,\n  laquelle sera transcrite sur les registres. <\/strong>\n  <strong>Pi\u00e8ces \u00e0 fournir <\/strong>\n  <strong>&#8211; Certificat m\u00e9dical de d\u00e9c\u00e8s<\/strong>\n  <strong>&#8211; Pr\u00e9senter le livret de famille ou tout autre document\n  d&rsquo;\u00e9tat civil concernant le d\u00e9funt.<\/strong>\n  <\/td><\/tr><\/tbody><\/table>\n\n\n\n<p><strong><a href=\"http:\/\/mairie.les3moutiers.free.fr\/mdetatcivil.php#haut\">Haut\nde page<\/a><\/strong><\/p>\n\n\n\n<table class=\"wp-block-table\"><tbody><tr><td>\n  <strong>Bapt\u00eame civil ou Parrainage <\/strong>\n  <strong>Simple coutume d&rsquo;origine r\u00e9volutionnaire, le bapt\u00eame\n  civil ou r\u00e9publicain, aussi appel\u00e9 parrainage civil, ne fait l&rsquo;objet d&rsquo;aucun\n  texte l\u00e9gislatif ou r\u00e9glementaire ; il est l&rsquo;expression pour les int\u00e9ress\u00e9s,\n  parents, filleuls, parrains et marraines, d&rsquo;un engagement personnel d&rsquo;ordre\n  purement priv\u00e9. <\/strong>\n  <strong>Cet usage, qui n&rsquo;est pas prohib\u00e9 par la loi, ne\n  pr\u00e9sente aucun caract\u00e8re obligatoire pour l&rsquo;officier d&rsquo;\u00e9tat civil et ne\n  comporte aucun c\u00e9r\u00e9monial pr\u00e9\u00e9tabli. Il ne donne lieu \u00e0 aucune inscription\n  sur les registres d&rsquo;\u00e9tat civil. Les certificats ou documents qui peuvent \u00eatre\n  d\u00e9livr\u00e9s \u00e0 cette occasion n&rsquo;ont aucune valeur juridique et ne peuvent \u00eatre\n  assimil\u00e9s \u00e0 des actes d&rsquo;\u00e9tat civil.<\/strong>\n  <\/td><\/tr><\/tbody><\/table>\n\n\n\n<p><strong>Pour\ntous renseignements : <a href=\"mailto:mairie-3moutiers@wanadoo.fr\">mairie-3moutiers@wanadoo.fr<\/a>\n<\/strong><\/p>\n","protected":false},"excerpt":{"rendered":"<p>D\u00e9claration de naissance O\u00f9 ? \u00c0 la mairie du lieu d&rsquo;accouchement.. Quand ? Dans un d\u00e9lai de 3 jours. Le jour de l&rsquo;accouchement n&rsquo;est pas compt\u00e9. Qui ? Selon une [&hellip;]<\/p>\n","protected":false},"author":1,"featured_media":0,"parent":38,"menu_order":0,"comment_status":"closed","ping_status":"closed","template":"","meta":{"footnotes":""},"class_list":["post-174","page","type-page","status-publish","hentry"],"_links":{"self":[{"href":"https:\/\/3-moutiers.fr\/index.php\/wp-json\/wp\/v2\/pages\/174","targetHints":{"allow":["GET"]}}],"collection":[{"href":"https:\/\/3-moutiers.fr\/index.php\/wp-json\/wp\/v2\/pages"}],"about":[{"href":"https:\/\/3-moutiers.fr\/index.php\/wp-json\/wp\/v2\/types\/page"}],"author":[{"embeddable":true,"href":"https:\/\/3-moutiers.fr\/index.php\/wp-json\/wp\/v2\/users\/1"}],"replies":[{"embeddable":true,"href":"https:\/\/3-moutiers.fr\/index.php\/wp-json\/wp\/v2\/comments?post=174"}],"version-history":[{"count":0,"href":"https:\/\/3-moutiers.fr\/index.php\/wp-json\/wp\/v2\/pages\/174\/revisions"}],"up":[{"embeddable":true,"href":"https:\/\/3-moutiers.fr\/index.php\/wp-json\/wp\/v2\/pages\/38"}],"wp:attachment":[{"href":"https:\/\/3-moutiers.fr\/index.php\/wp-json\/wp\/v2\/media?parent=174"}],"curies":[{"name":"wp","href":"https:\/\/api.w.org\/{rel}","templated":true}]}}