{"id":207,"date":"2020-12-04T09:36:07","date_gmt":"2020-12-04T08:36:07","guid":{"rendered":"http:\/\/3-moutiers.fr\/?page_id=207"},"modified":"2025-09-30T16:35:56","modified_gmt":"2025-09-30T14:35:56","slug":"identite-passeport","status":"publish","type":"page","link":"https:\/\/3-moutiers.fr\/index.php\/mairie\/demarches-administratives\/identite-passeport\/","title":{"rendered":"Identit\u00e9 \/ Passeport"},"content":{"rendered":"\t\t<div data-elementor-type=\"wp-page\" data-elementor-id=\"207\" class=\"elementor elementor-207\" data-elementor-settings=\"[]\">\n\t\t\t\t\t\t<div class=\"elementor-inner\">\n\t\t\t\t\t\t\t<div class=\"elementor-section-wrap\">\n\t\t\t\t\t\t\t<section class=\"elementor-section elementor-top-section elementor-element elementor-element-47630df elementor-section-full_width elementor-section-height-default elementor-section-height-default\" data-id=\"47630df\" data-element_type=\"section\">\n\t\t\t\t\t\t<div class=\"elementor-container elementor-column-gap-default\">\n\t\t\t\t\t\t\t<div class=\"elementor-row\">\n\t\t\t\t\t<div class=\"elementor-column elementor-col-100 elementor-top-column elementor-element elementor-element-5f807e0\" data-id=\"5f807e0\" data-element_type=\"column\">\n\t\t\t<div class=\"elementor-column-wrap elementor-element-populated\">\n\t\t\t\t\t\t\t<div class=\"elementor-widget-wrap\">\n\t\t\t\t\t\t<div class=\"elementor-element elementor-element-1a57677 elementor-widget elementor-widget-text-editor\" data-id=\"1a57677\" data-element_type=\"widget\" data-widget_type=\"text-editor.default\">\n\t\t\t\t<div class=\"elementor-widget-container\">\n\t\t\t\t\t<div class=\"elementor-text-editor elementor-clearfix\"><p class=\"MsoNormal\" style=\"margin-bottom: 0cm; line-height: normal;\"><b><span style=\"font-size: 13.5pt; font-family: 'Times New Roman',serif; mso-fareast-font-family: 'Times New Roman'; mso-fareast-language: FR;\">Pour renouveler ou cr\u00e9er une pi\u00e8ce d\u2019identit\u00e9 (carte nationale d\u2019identit\u00e9 ou passeport),<\/span><\/b><\/p><p class=\"MsoNormal\" style=\"margin-bottom: 0cm; line-height: normal;\"><b><span style=\"font-size: 13.5pt; font-family: 'Times New Roman',serif; mso-fareast-font-family: 'Times New Roman'; mso-fareast-language: FR;\">il faut :<\/span><\/b><\/p><ol style=\"margin-top: 0cm;\" start=\"1\" type=\"1\"><li class=\"MsoNormal\" style=\"margin-top: 12.0pt; margin-bottom: 0cm; line-height: normal; mso-list: l0 level1 lfo1; tab-stops: list 36.0pt;\"><span style=\"font-size: 12.0pt; font-family: 'Times New Roman',serif; mso-fareast-font-family: 'Times New Roman'; mso-fareast-language: FR;\">Compl\u00e9ter une <\/span><a href=\"https:\/\/passeport.ants.gouv.fr\/\"><span style=\"font-size: 12.0pt; font-family: 'Times New Roman',serif; mso-fareast-font-family: 'Times New Roman'; color: windowtext; mso-fareast-language: FR; text-decoration: none; text-underline: none;\">pr\u00e9-demande en ligne<\/span><\/a><span style=\"font-size: 12.0pt; font-family: 'Times New Roman',serif; mso-fareast-font-family: 'Times New Roman'; mso-fareast-language: FR;\"> sur le site\u00a0 <a href=\"http:\/\/(https:\/\/passeport.ants.gouv.fr\/demarches-en-ligne\"><b style=\"mso-bidi-font-weight: normal;\"><u>ants.gouv.fr<\/u><\/b><\/a>\u00a0<\/span><span style=\"font-size: 12.0pt; font-family: 'Times New Roman',serif; mso-fareast-font-family: 'Times New Roman'; mso-fareast-language: FR;\"> et <span style=\"color: #ff0000;\"><u>l\u2019imprimer.<\/u><\/span><\/span><\/li><li class=\"MsoNormal\" style=\"margin-top: 12.0pt; margin-bottom: 0cm; line-height: normal; mso-list: l0 level1 lfo1; tab-stops: list 36.0pt;\"><span style=\"font-size: 12.0pt; font-family: 'Times New Roman',serif; mso-fareast-font-family: 'Times New Roman'; mso-fareast-language: FR;\">Pr\u00e9parer les pi\u00e8ces justificatives (<a href=\"http:\/\/3-moutiers.fr\/wp-content\/uploads\/2023\/06\/PIECES-JUSTIFICATIVES-A-FOURNIR.pdf\">liste des pi\u00e8ces \u00e0 fournir ici<\/a>)<span style=\"color: red;\"><br \/><\/span><\/span>Vous vous demandez quel justificatif de domicile fournir : <a href=\"https:\/\/www.service-public.fr\/particuliers\/vosdroits\/F14807\">ici en d\u00e9tail<\/a><\/li><li class=\"MsoNormal\" style=\"margin-top: 12.0pt; margin-bottom: 0cm; line-height: normal; mso-list: l0 level1 lfo1; tab-stops: list 36.0pt;\"><span style=\"font-size: 12.0pt; font-family: 'Times New Roman',serif; mso-fareast-font-family: 'Times New Roman'; mso-fareast-language: FR;\">Prendre rendez-vous en mairie\u00a0: <\/span><\/li><\/ol><p class=\"MsoNormal\" style=\"line-height: normal; margin: 12.0pt 0cm 0cm 36.0pt;\"><b><span style=\"font-size: 12.0pt; font-family: 'Times New Roman',serif; mso-fareast-font-family: 'Times New Roman'; mso-fareast-language: FR;\">RENDEZ-VOUS A LA MAIRIE DES TROIS MOUTIERS : <a href=\"https:\/\/rendezvousonline.fr\/alias\/lestrois-moutiers-86120\/prendre-rendez-vous?service=Carte%20Nationale%20d%27Identit%C3%A9%20%28CNI%29%20et%20Passeport\">Rendez-vous en ligne<\/a><\/span><\/b><\/p><p class=\"MsoNormal\" style=\"line-height: normal; margin: 12.0pt 0cm 0cm 36.0pt;\"><b><span style=\"font-size: 12.0pt; font-family: 'Times New Roman',serif; mso-fareast-font-family: 'Times New Roman'; mso-fareast-language: FR;\">Rendez-vous dans une mairie alentours :<a href=\"https:\/\/rendezvousonline.fr\/recherche\/Carte%20Nationale%20d'Identit%C3%A9%20(CNI)%20et%20Passeport\/Les%20Trois-Moutiers%2086120\/47.064037\/0.014272\">Aux alentours<\/a><\/span><\/b><\/p><p class=\"MsoNormal\" style=\"line-height: normal; margin: 12.0pt 0cm 0cm 36.0pt;\"><span style=\"font-size: 12.0pt; font-family: 'Times New Roman',serif; mso-fareast-font-family: 'Times New Roman'; mso-fareast-language: FR;\">Vous pr\u00e9senter \u00e0 la mairie avec la pr\u00e9-demande imprim\u00e9e et les pi\u00e8ces justificatives demand\u00e9es pour \u00e9tablir le dossier de demande de carte d\u2019identit\u00e9 et\/ou passeport.<\/span><\/p><p class=\"MsoNormal\" style=\"line-height: normal; margin: 12.0pt 0cm 0cm 36.0pt;\"><span style=\"font-size: 12.0pt; font-family: 'Times New Roman',serif; mso-fareast-font-family: 'Times New Roman'; mso-fareast-language: FR;\">\u00a0<\/span><\/p><ol style=\"margin-top: 0cm;\" start=\"4\" type=\"1\"><li class=\"MsoNormal\" style=\"margin-top: 12.0pt; margin-bottom: 0cm; line-height: normal; mso-list: l0 level1 lfo1; tab-stops: list 36.0pt;\"><span style=\"color: #ff0000;\">PRATIQUE : La mairie est \u00e9quip\u00e9e d&rsquo;un PHOTOMATON, vous pourrez donc prendre vos photos le jour du rdv, en pr\u00e9voyant d&rsquo;arriver un peu avant l&rsquo;heure du RDV. (Actuellement hors service jusqu&rsquo;au 15 octobre 2025)<\/span><\/li><li class=\"MsoNormal\" style=\"margin-top: 12.0pt; margin-bottom: 0cm; line-height: normal; mso-list: l0 level1 lfo1; tab-stops: list 36.0pt;\"><span style=\"font-size: 12.0pt; font-family: 'Times New Roman',serif; mso-fareast-font-family: 'Times New Roman'; mso-fareast-language: FR;\">Pour r\u00e9cup\u00e9rer sa nouvelle pi\u00e8ce d\u2019identit\u00e9 en revanche, plus besoin de rdv : il suffira de se pr\u00e9senter en mairie muni de son ancien titre et du r\u00e9c\u00e9piss\u00e9 aux horaires d\u2019ouverture de la mairie.<\/span><\/li><\/ol><p class=\"MsoListParagraphCxSpFirst\" style=\"mso-margin-top-alt: auto; mso-margin-bottom-alt: auto; margin-left: 0cm; mso-add-space: auto; line-height: normal; mso-outline-level: 3;\"><b><span style=\"font-size: 13.5pt; font-family: 'Times New Roman',serif; mso-fareast-font-family: 'Times New Roman'; mso-fareast-language: FR;\">\u00a0<\/span><\/b><\/p><p class=\"MsoListParagraphCxSpFirst\" style=\"mso-margin-top-alt: auto; mso-margin-bottom-alt: auto; margin-left: 0cm; mso-add-space: auto; line-height: normal; mso-outline-level: 3;\"><b><span style=\"font-size: 13.5pt; font-family: 'Times New Roman',serif; mso-fareast-font-family: 'Times New Roman'; mso-fareast-language: FR;\">Besoin d\u2019aide pour votre d\u00e9marche sur internet\u00a0?<\/span><\/b><\/p><p class=\"MsoListParagraphCxSpMiddle\" style=\"mso-margin-top-alt: auto; mso-margin-bottom-alt: auto; margin-left: 0cm; mso-add-space: auto; line-height: normal; mso-outline-level: 3;\"><b><span style=\"font-size: 13.5pt; font-family: 'Times New Roman',serif; mso-fareast-font-family: 'Times New Roman'; mso-fareast-language: FR;\">\u00a0<\/span><\/b><span style=\"font-size: 12.0pt; font-family: 'Times New Roman',serif; mso-fareast-font-family: 'Times New Roman'; mso-fareast-language: FR;\">Les agents France Services vous aident et vous accompagnent aux Trois-Moutiers \u00e0 l\u2019adresse et horaires suivant\u00a0: <\/span><\/p><p class=\"MsoListParagraphCxSpMiddle\" style=\"mso-margin-top-alt: auto; mso-margin-bottom-alt: auto; margin-left: 0cm; mso-add-space: auto; line-height: normal;\"><span style=\"font-size: 12.0pt; font-family: 'Times New Roman',serif; mso-fareast-font-family: 'Times New Roman'; mso-fareast-language: FR;\"> <img loading=\"lazy\" decoding=\"async\" class=\" wp-image-7573 alignleft\" src=\"http:\/\/3-moutiers.fr\/wp-content\/uploads\/2023\/06\/logofr.png\" alt=\"\" width=\"146\" height=\"178\" \/><\/span><\/p><p class=\"MsoListParagraphCxSpMiddle\" style=\"mso-margin-top-alt: auto; mso-margin-bottom-alt: auto; margin-left: 0cm; mso-add-space: auto; line-height: normal;\"><span style=\"font-size: 12.0pt; font-family: 'Times New Roman',serif; mso-fareast-font-family: 'Times New Roman'; mso-fareast-language: FR;\">3 rue des Deniers 86120 Les Trois-Moutiers<\/span><\/p><p class=\"MsoListParagraphCxSpMiddle\" style=\"mso-margin-top-alt: auto; mso-margin-bottom-alt: auto; margin-left: 0cm; mso-add-space: auto; line-height: normal;\"><span style=\"font-size: 12.0pt; font-family: 'Times New Roman',serif; mso-fareast-font-family: 'Times New Roman'; mso-fareast-language: FR;\">T\u00e9l\u00a0: 05 49 22 26 77 &#8211;<span style=\"mso-spacerun: yes;\">\u00a0 <\/span>e-mail\u00a0: <\/span><a href=\"mailto:les-trois-moutiers@france-services.gouv.fr\"><span style=\"font-size: 12.0pt; font-family: 'Times New Roman',serif; mso-fareast-font-family: 'Times New Roman'; mso-fareast-language: FR;\">les-trois-moutiers@france-services.gouv.fr<\/span><\/a><\/p><p class=\"MsoListParagraphCxSpMiddle\" style=\"mso-margin-top-alt: auto; mso-margin-bottom-alt: auto; margin-left: 0cm; mso-add-space: auto; line-height: normal;\"><span style=\"font-size: 12.0pt; font-family: 'Times New Roman',serif; mso-fareast-font-family: 'Times New Roman'; mso-fareast-language: FR;\">Lundi et Mardi\u00a0: 13h50 \u2013 16h15<\/span><\/p><p class=\"MsoListParagraphCxSpMiddle\" style=\"mso-margin-top-alt: auto; mso-margin-bottom-alt: auto; margin-left: 0cm; mso-add-space: auto; line-height: normal;\"><span style=\"font-size: 12.0pt; font-family: 'Times New Roman',serif; mso-fareast-font-family: 'Times New Roman'; mso-fareast-language: FR;\">Mercredi, Jeudi et Vendredi\u00a0: 9h \u2013 12h<span style=\"mso-spacerun: yes;\">\u00a0 <\/span>\/<span style=\"mso-spacerun: yes;\">\u00a0 <\/span>13h50 \u2013 16h15<\/span><\/p><p class=\"MsoListParagraphCxSpMiddle\" style=\"mso-margin-top-alt: auto; mso-margin-bottom-alt: auto; margin-left: 0cm; mso-add-space: auto; line-height: normal;\"><span style=\"font-size: 12.0pt; font-family: 'Times New Roman',serif; mso-fareast-font-family: 'Times New Roman'; mso-fareast-language: FR;\">Samedi\u00a0: 9h \u2013 12h<\/span><\/p><p class=\"MsoListParagraphCxSpMiddle\" style=\"mso-margin-top-alt: auto; mso-margin-bottom-alt: auto; margin-left: 0cm; mso-add-space: auto; line-height: normal;\"><span style=\"font-size: 12.0pt; font-family: 'Times New Roman',serif; mso-fareast-font-family: 'Times New Roman'; mso-fareast-language: FR;\">\u00a0<\/span><\/p><p class=\"MsoListParagraphCxSpLast\" style=\"mso-margin-top-alt: auto; mso-margin-bottom-alt: auto; margin-left: 0cm; mso-add-space: auto; line-height: normal;\"><span style=\"font-size: 12.0pt; font-family: 'Times New Roman',serif; mso-fareast-font-family: 'Times New Roman'; mso-fareast-language: FR;\">\u00a0<\/span><\/p><p class=\"MsoNormal\" style=\"mso-margin-top-alt: auto; mso-margin-bottom-alt: auto; line-height: normal; mso-outline-level: 3;\"><b><span style=\"font-size: 13.5pt; font-family: 'Times New Roman',serif; mso-fareast-font-family: 'Times New Roman'; mso-fareast-language: FR;\">Dois-je payer pour obtenir une carte d\u2019identit\u00e9 ?<\/span><\/b><\/p><p class=\"MsoNormal\" style=\"mso-margin-top-alt: auto; mso-margin-bottom-alt: auto; line-height: normal;\"><span style=\"font-size: 12.0pt; font-family: 'Times New Roman',serif; mso-fareast-font-family: 'Times New Roman'; mso-fareast-language: FR;\">La Carte nationale d\u2019identit\u00e9 est gratuite pour la premi\u00e8re demande et \u00e0 chaque renouvellement si le demandeur pr\u00e9sente son ancienne carte d\u2019identit\u00e9. Elle est payante en cas de perte ou de vol (25\u20ac en timbre fiscal qu\u2019il est possible de payer directement en ligne lors de la pr\u00e9-demande).<\/span><\/p><p class=\"MsoNormal\" style=\"margin-top: 17.2pt; mso-margin-bottom-alt: auto; line-height: normal; mso-outline-level: 3;\"><b><span style=\"font-size: 13.5pt; font-family: 'Times New Roman',serif; mso-fareast-font-family: 'Times New Roman'; mso-fareast-language: FR;\">Dois-je payer pour obtenir un passeport ?<\/span><\/b><\/p><p class=\"MsoNormal\" style=\"mso-margin-top-alt: auto; mso-margin-bottom-alt: auto; line-height: normal;\"><span style=\"font-size: 12.0pt; font-family: 'Times New Roman',serif; mso-fareast-font-family: 'Times New Roman'; mso-fareast-language: FR;\">Le passeport est payant (86\u20ac pour les adultes, 17\u20ac pour les enfants de moins de 15 ans, 42\u20ac pour les mineurs de plus de 15 ans, en timbre fiscal qu\u2019il est possible de payer directement en ligne lors de la pr\u00e9-demande).<\/span><\/p><div>\u00a0<\/div><div>\u00a0<\/div><\/div>\n\t\t\t\t<\/div>\n\t\t\t\t<\/div>\n\t\t\t\t\t\t<\/div>\n\t\t\t\t\t<\/div>\n\t\t<\/div>\n\t\t\t\t\t\t\t\t<\/div>\n\t\t\t\t\t<\/div>\n\t\t<\/section>\n\t\t\t\t\t\t<\/div>\n\t\t\t\t\t\t<\/div>\n\t\t\t\t\t<\/div>\n\t\t","protected":false},"excerpt":{"rendered":"<p>Pour renouveler ou cr\u00e9er une pi\u00e8ce d\u2019identit\u00e9 (carte nationale d\u2019identit\u00e9 ou passeport), il faut : Compl\u00e9ter une pr\u00e9-demande en ligne sur le site\u00a0 ants.gouv.fr\u00a0 et l\u2019imprimer. Pr\u00e9parer les pi\u00e8ces justificatives [&hellip;]<\/p>\n","protected":false},"author":1,"featured_media":0,"parent":38,"menu_order":0,"comment_status":"closed","ping_status":"closed","template":"","meta":{"footnotes":""},"class_list":["post-207","page","type-page","status-publish","hentry"],"_links":{"self":[{"href":"https:\/\/3-moutiers.fr\/index.php\/wp-json\/wp\/v2\/pages\/207","targetHints":{"allow":["GET"]}}],"collection":[{"href":"https:\/\/3-moutiers.fr\/index.php\/wp-json\/wp\/v2\/pages"}],"about":[{"href":"https:\/\/3-moutiers.fr\/index.php\/wp-json\/wp\/v2\/types\/page"}],"author":[{"embeddable":true,"href":"https:\/\/3-moutiers.fr\/index.php\/wp-json\/wp\/v2\/users\/1"}],"replies":[{"embeddable":true,"href":"https:\/\/3-moutiers.fr\/index.php\/wp-json\/wp\/v2\/comments?post=207"}],"version-history":[{"count":36,"href":"https:\/\/3-moutiers.fr\/index.php\/wp-json\/wp\/v2\/pages\/207\/revisions"}],"predecessor-version":[{"id":9050,"href":"https:\/\/3-moutiers.fr\/index.php\/wp-json\/wp\/v2\/pages\/207\/revisions\/9050"}],"up":[{"embeddable":true,"href":"https:\/\/3-moutiers.fr\/index.php\/wp-json\/wp\/v2\/pages\/38"}],"wp:attachment":[{"href":"https:\/\/3-moutiers.fr\/index.php\/wp-json\/wp\/v2\/media?parent=207"}],"curies":[{"name":"wp","href":"https:\/\/api.w.org\/{rel}","templated":true}]}}