{"id":3829,"date":"2021-03-10T11:13:10","date_gmt":"2021-03-10T10:13:10","guid":{"rendered":"http:\/\/3-moutiers.fr\/?page_id=3829"},"modified":"2026-03-24T10:04:09","modified_gmt":"2026-03-24T09:04:09","slug":"reservation-foyer-gigot","status":"publish","type":"page","link":"https:\/\/3-moutiers.fr\/index.php\/reservation-foyer-gigot\/","title":{"rendered":"R\u00e9servation Foyer Gigot"},"content":{"rendered":"\t\t<div data-elementor-type=\"wp-page\" data-elementor-id=\"3829\" class=\"elementor elementor-3829\" data-elementor-settings=\"[]\">\n\t\t\t\t\t\t<div class=\"elementor-inner\">\n\t\t\t\t\t\t\t<div class=\"elementor-section-wrap\">\n\t\t\t\t\t\t\t<section class=\"elementor-section elementor-top-section elementor-element elementor-element-b089070 elementor-section-boxed elementor-section-height-default elementor-section-height-default\" data-id=\"b089070\" data-element_type=\"section\">\n\t\t\t\t\t\t<div class=\"elementor-container elementor-column-gap-default\">\n\t\t\t\t\t\t\t<div class=\"elementor-row\">\n\t\t\t\t\t<div class=\"elementor-column elementor-col-100 elementor-top-column elementor-element elementor-element-7cbc5b0\" data-id=\"7cbc5b0\" data-element_type=\"column\">\n\t\t\t<div class=\"elementor-column-wrap elementor-element-populated\">\n\t\t\t\t\t\t\t<div class=\"elementor-widget-wrap\">\n\t\t\t\t\t\t<div class=\"elementor-element elementor-element-53752d8 elementor-widget elementor-widget-text-editor\" data-id=\"53752d8\" data-element_type=\"widget\" data-widget_type=\"text-editor.default\">\n\t\t\t\t<div class=\"elementor-widget-container\">\n\t\t\t\t\t<div class=\"elementor-text-editor elementor-clearfix\"><h2><span style=\"color: #000000;\">Location des salles communales<\/span><\/h2><p><span style=\"color: #000000;\">Vous trouverez ci-dessous les plans des salles ainsi que les conventions \u00e0 imprimer, \u00e0 remplir et \u00e0 adresser \u00e0 la mairie des Trois-Moutiers accompagn\u00e9es des justificatifs demand\u00e9s (versement des arrhes pour la r\u00e9servation, r\u00e8glement de la salle, ch\u00e8ques de caution, attestation d&rsquo;assurance).<\/span><\/p><p><a href=\"http:\/\/3-moutiers.fr\/wp-content\/uploads\/2024\/10\/TARIFS-LOCATIONS-SALLES-2024.pdf\"><strong><span style=\"color: #993300;\">CLIQUER ICI POUR VOIR TOUS LES TARIFS<\/span><\/strong><\/a><\/p><p><span style=\"color: #000000;\"><b>Mairie des Trois-Moutiers<\/b> <\/span><br \/><span style=\"color: #000000;\">14 avenue Aristide Gigot <\/span><br \/><span style=\"color: #000000;\">86120 Les Trois-Moutiers <\/span><br \/><span style=\"color: #000000;\">T\u00e9l\u00e9phone : 05 49 22 63 90 <\/span><br \/><span style=\"color: #000000;\">Email : <a style=\"color: #000000;\" href=\"mailto:mairie-3moutiers@wanadoo.fr\">mairie@3-moutiers.fr<\/a><\/span><\/p><\/div>\n\t\t\t\t<\/div>\n\t\t\t\t<\/div>\n\t\t\t\t\t\t<\/div>\n\t\t\t\t\t<\/div>\n\t\t<\/div>\n\t\t\t\t\t\t\t\t<\/div>\n\t\t\t\t\t<\/div>\n\t\t<\/section>\n\t\t\t\t<section class=\"elementor-section elementor-top-section elementor-element elementor-element-f3958d2 elementor-section-boxed elementor-section-height-default elementor-section-height-default\" data-id=\"f3958d2\" data-element_type=\"section\">\n\t\t\t\t\t\t<div class=\"elementor-container elementor-column-gap-default\">\n\t\t\t\t\t\t\t<div class=\"elementor-row\">\n\t\t\t\t\t<div class=\"elementor-column elementor-col-100 elementor-top-column elementor-element elementor-element-446376a\" data-id=\"446376a\" data-element_type=\"column\">\n\t\t\t<div class=\"elementor-column-wrap elementor-element-populated\">\n\t\t\t\t\t\t\t<div class=\"elementor-widget-wrap\">\n\t\t\t\t\t\t<div class=\"elementor-element elementor-element-deb3d90 elementor-widget elementor-widget-html\" data-id=\"deb3d90\" data-element_type=\"widget\" data-widget_type=\"html.default\">\n\t\t\t\t<div class=\"elementor-widget-container\">\n\t\t\t<iframe loading=\"lazy\" src=\"https:\/\/calendar.google.com\/calendar\/embed?src=1cq2f47kqubku8mebpnl9qubo0%40group.calendar.google.com&ctz=Europe%2FParis\" style=\"border: 0\" width=\"800\" height=\"600\" frameborder=\"0\" scrolling=\"no\"><\/iframe>\t\t<\/div>\n\t\t\t\t<\/div>\n\t\t\t\t\t\t<\/div>\n\t\t\t\t\t<\/div>\n\t\t<\/div>\n\t\t\t\t\t\t\t\t<\/div>\n\t\t\t\t\t<\/div>\n\t\t<\/section>\n\t\t\t\t<section class=\"elementor-section elementor-top-section elementor-element elementor-element-c87fa13 elementor-section-content-middle elementor-section-boxed elementor-section-height-default elementor-section-height-default\" data-id=\"c87fa13\" data-element_type=\"section\">\n\t\t\t\t\t\t<div class=\"elementor-container elementor-column-gap-no\">\n\t\t\t\t\t\t\t<div class=\"elementor-row\">\n\t\t\t\t\t<div class=\"elementor-column elementor-col-50 elementor-top-column elementor-element elementor-element-4e9d42e\" data-id=\"4e9d42e\" data-element_type=\"column\">\n\t\t\t<div class=\"elementor-column-wrap elementor-element-populated\">\n\t\t\t\t\t\t\t<div class=\"elementor-widget-wrap\">\n\t\t\t\t\t\t<div class=\"elementor-element elementor-element-6968c36 elementor-widget elementor-widget-image\" data-id=\"6968c36\" data-element_type=\"widget\" data-widget_type=\"image.default\">\n\t\t\t\t<div class=\"elementor-widget-container\">\n\t\t\t\t\t<div class=\"elementor-image\">\n\t\t\t\t\t\t\t\t\t\t<img loading=\"lazy\" decoding=\"async\" width=\"650\" height=\"200\" src=\"https:\/\/3-moutiers.fr\/wp-content\/uploads\/2020\/11\/foyergigot.jpg\" class=\"attachment-full size-full\" alt=\"\" \/>\t\t\t\t\t\t\t\t\t\t\t<\/div>\n\t\t\t\t<\/div>\n\t\t\t\t<\/div>\n\t\t\t\t\t\t<\/div>\n\t\t\t\t\t<\/div>\n\t\t<\/div>\n\t\t\t\t<div class=\"elementor-column elementor-col-50 elementor-top-column elementor-element elementor-element-a38080e\" data-id=\"a38080e\" data-element_type=\"column\">\n\t\t\t<div class=\"elementor-column-wrap elementor-element-populated\">\n\t\t\t\t\t\t\t<div class=\"elementor-widget-wrap\">\n\t\t\t\t\t\t<div class=\"elementor-element elementor-element-8f5384c elementor-view-default elementor-widget elementor-widget-icon\" data-id=\"8f5384c\" data-element_type=\"widget\" data-widget_type=\"icon.default\">\n\t\t\t\t<div class=\"elementor-widget-container\">\n\t\t\t\t\t<div class=\"elementor-icon-wrapper\">\n\t\t\t<div class=\"elementor-icon\">\n\t\t\t\t\t\t\t<i class=\"fa fa-quote-left\" aria-hidden=\"true\"><\/i>\n\t\t\t\t\t\t<\/div>\n\t\t<\/div>\n\t\t\t\t<\/div>\n\t\t\t\t<\/div>\n\t\t\t\t<div class=\"elementor-element elementor-element-758f904 elementor-widget elementor-widget-text-editor\" data-id=\"758f904\" data-element_type=\"widget\" data-widget_type=\"text-editor.default\">\n\t\t\t\t<div class=\"elementor-widget-container\">\n\t\t\t\t\t<div class=\"elementor-text-editor elementor-clearfix\"><p>Foyer Gigot : <small>Capacit\u00e9 d&rsquo;accueil de 200 personnes<\/small><\/p><p><a class=\"one\" href=\"http:\/\/3-moutiers.fr\/wp-content\/uploads\/2024\/02\/PLAN-FOYER-GIGOT.pdf\" target=\"new\"><span style=\"color: #993233;\">Plan de la salle<\/span><\/a><\/p><p><a href=\"http:\/\/3-moutiers.fr\/wp-content\/uploads\/2026\/03\/CONVENTION-FOYER-GIGOT.pdf\">Convention de location Foyer Gigot<\/a><\/p><p><b>Disponibilit\u00e9 et location aupr\u00e8s de la mairie :<\/b><b> Tel. 05 49 22 63 90<\/b><\/p><\/div>\n\t\t\t\t<\/div>\n\t\t\t\t<\/div>\n\t\t\t\t\t\t<\/div>\n\t\t\t\t\t<\/div>\n\t\t<\/div>\n\t\t\t\t\t\t\t\t<\/div>\n\t\t\t\t\t<\/div>\n\t\t<\/section>\n\t\t\t\t\t\t<\/div>\n\t\t\t\t\t\t<\/div>\n\t\t\t\t\t<\/div>\n\t\t","protected":false},"excerpt":{"rendered":"<p>Location des salles communales Vous trouverez ci-dessous les plans des salles ainsi que les conventions \u00e0 imprimer, \u00e0 remplir et \u00e0 adresser \u00e0 la mairie des Trois-Moutiers accompagn\u00e9es des justificatifs [&hellip;]<\/p>\n","protected":false},"author":1,"featured_media":0,"parent":0,"menu_order":0,"comment_status":"closed","ping_status":"closed","template":"","meta":{"footnotes":""},"class_list":["post-3829","page","type-page","status-publish","hentry"],"_links":{"self":[{"href":"https:\/\/3-moutiers.fr\/index.php\/wp-json\/wp\/v2\/pages\/3829","targetHints":{"allow":["GET"]}}],"collection":[{"href":"https:\/\/3-moutiers.fr\/index.php\/wp-json\/wp\/v2\/pages"}],"about":[{"href":"https:\/\/3-moutiers.fr\/index.php\/wp-json\/wp\/v2\/types\/page"}],"author":[{"embeddable":true,"href":"https:\/\/3-moutiers.fr\/index.php\/wp-json\/wp\/v2\/users\/1"}],"replies":[{"embeddable":true,"href":"https:\/\/3-moutiers.fr\/index.php\/wp-json\/wp\/v2\/comments?post=3829"}],"version-history":[{"count":37,"href":"https:\/\/3-moutiers.fr\/index.php\/wp-json\/wp\/v2\/pages\/3829\/revisions"}],"predecessor-version":[{"id":9523,"href":"https:\/\/3-moutiers.fr\/index.php\/wp-json\/wp\/v2\/pages\/3829\/revisions\/9523"}],"wp:attachment":[{"href":"https:\/\/3-moutiers.fr\/index.php\/wp-json\/wp\/v2\/media?parent=3829"}],"curies":[{"name":"wp","href":"https:\/\/api.w.org\/{rel}","templated":true}]}}