{"id":4279,"date":"2021-03-16T10:46:14","date_gmt":"2021-03-16T09:46:14","guid":{"rendered":"http:\/\/3-moutiers.fr\/?page_id=4279"},"modified":"2021-05-03T17:13:49","modified_gmt":"2021-05-03T15:13:49","slug":"pacs","status":"publish","type":"page","link":"https:\/\/3-moutiers.fr\/index.php\/mairie\/demarches-administratives\/pacs\/","title":{"rendered":"Pacs"},"content":{"rendered":"\t\t<div data-elementor-type=\"wp-page\" data-elementor-id=\"4279\" class=\"elementor elementor-4279\" data-elementor-settings=\"[]\">\n\t\t\t\t\t\t<div class=\"elementor-inner\">\n\t\t\t\t\t\t\t<div class=\"elementor-section-wrap\">\n\t\t\t\t\t\t\t<section class=\"elementor-section elementor-top-section elementor-element elementor-element-a8af140 elementor-section-boxed elementor-section-height-default elementor-section-height-default\" data-id=\"a8af140\" data-element_type=\"section\">\n\t\t\t\t\t\t<div class=\"elementor-container elementor-column-gap-default\">\n\t\t\t\t\t\t\t<div class=\"elementor-row\">\n\t\t\t\t\t<div class=\"elementor-column elementor-col-100 elementor-top-column elementor-element elementor-element-73cea92\" data-id=\"73cea92\" data-element_type=\"column\">\n\t\t\t<div class=\"elementor-column-wrap elementor-element-populated\">\n\t\t\t\t\t\t\t<div class=\"elementor-widget-wrap\">\n\t\t\t\t\t\t<div class=\"elementor-element elementor-element-be230d8 elementor-widget elementor-widget-text-editor\" data-id=\"be230d8\" data-element_type=\"widget\" data-widget_type=\"text-editor.default\">\n\t\t\t\t<div class=\"elementor-widget-container\">\n\t\t\t\t\t<div class=\"elementor-text-editor elementor-clearfix\"><h2><span style=\"color: #800000;\">Conclusion d&rsquo;un PACS<\/span><\/h2><p><span style=\"color: #000000;\">Le pacte civil de solidarit\u00e9 (PACS) est un contrat. Il est conclu entre deux personnes physiques pour organiser leur vie commune.<\/span><\/p><p><span style=\"color: #000000;\">Ces deux personnes doivent \u00eatre majeures (il est impossible de conclure un PACS \u00e0 trois personnes, ou plus), de sexe diff\u00e9rent ou de m\u00eame sexe. Les personnes li\u00e9es par un PACS doivent disposer d&rsquo;une r\u00e9sidence commune (m\u00eame si le domicile peut \u00e9ventuellement \u00eatre s\u00e9par\u00e9).<\/span><\/p><p><span style=\"color: #000000;\"><a style=\"color: #000000;\" href=\"http:\/\/vosdroits.service-public.fr\/particuliers\/F1617.xhtml\">Des conditions<\/a> relatives \u00e0 l&rsquo;\u00e2ge, le c\u00e9libat, la capacit\u00e9 juridique et l&rsquo;absence de liens familiaux sont exig\u00e9es.<\/span><\/p><p>\u00a0<\/p><h2><span style=\"color: #800000;\">Modifications<\/span><\/h2><p><span style=\"color: #000000;\">Les personnes li\u00e9es par un pacte civil de solidarit\u00e9 (Pacs) peuvent souhaiter modifier les conditions d\u2019organisation de leur vie commune. Elles doivent dans ce cas r\u00e9diger ou faire r\u00e9diger une convention modificative de leur Pacs initial, puis la faire enregistrer. La <a style=\"color: #000000;\" href=\"http:\/\/vosdroits.service-public.fr\/particuliers\/F1619.xhtml\">modification <\/a>du Pacs ne prend effet entre les partenaires qu&rsquo;une fois les formalit\u00e9s d&rsquo;enregistrement accomplies.<\/span><\/p><p>\u00a0<\/p><h2><span style=\"color: #800000;\">Effets<\/span><\/h2><p><span style=\"color: #000000;\">Les partenaires li\u00e9s par un pacte civil de solidarit\u00e9 (Pacs) ont <a style=\"color: #000000;\" href=\"http:\/\/vosdroits.service-public.fr\/particuliers\/F1026.xhtml#N1009D\">des droits et des obligations r\u00e9ciproques<\/a>. Le Pacs produit \u00e9galement des effets sur les biens et en mati\u00e8re fiscale. En revanche, la conclusion d&rsquo;un Pacs ne produit aucun effet sur le nom.<\/span><\/p><p>\u00a0<\/p><h2><span style=\"color: #800000;\">Dissolution<\/span><\/h2><p><span style=\"color: #000000;\">Il existe diff\u00e9rents modes de <a style=\"color: #000000;\" href=\"http:\/\/vosdroits.service-public.fr\/particuliers\/F1620.xhtml\">dissolution <\/a>du pacte civil de solidarit\u00e9 (Pacs). Il peut \u00eatre dissous \u00e0 la demande des partenaires ou par le mariage d&rsquo;un ou des partenaires ou par le d\u00e9c\u00e8s d&rsquo;un des partenaires. La dissolution est enregistr\u00e9e par le greffier du tribunal d&rsquo;instance ou le notaire qui a enregistr\u00e9 le Pacs.<\/span><\/p><p>\u00a0<\/p><h2><span style=\"color: #800000;\">D\u00e9c\u00e8s et successions<\/span><\/h2><p><span style=\"color: #000000;\">Le pacte civil de solidarit\u00e9 (Pacs) prend fin \u00e0 la date du <a style=\"color: #000000;\" href=\"http:\/\/vosdroits.service-public.fr\/particuliers\/F1621.xhtml\">d\u00e9c\u00e8s <\/a>de l&rsquo;un des partenaires. Le partenaire survivant peut, dans des cas particuliers, h\u00e9riter des biens de son partenaire d\u00e9funt et b\u00e9n\u00e9ficier de certains droits.<\/span><\/p><\/div>\n\t\t\t\t<\/div>\n\t\t\t\t<\/div>\n\t\t\t\t\t\t<\/div>\n\t\t\t\t\t<\/div>\n\t\t<\/div>\n\t\t\t\t\t\t\t\t<\/div>\n\t\t\t\t\t<\/div>\n\t\t<\/section>\n\t\t\t\t<section class=\"elementor-section elementor-top-section elementor-element elementor-element-0f82fad elementor-section-boxed elementor-section-height-default elementor-section-height-default\" data-id=\"0f82fad\" data-element_type=\"section\">\n\t\t\t\t\t\t<div class=\"elementor-container elementor-column-gap-default\">\n\t\t\t\t\t\t\t<div class=\"elementor-row\">\n\t\t\t\t\t<div class=\"elementor-column elementor-col-100 elementor-top-column elementor-element elementor-element-33be54e\" data-id=\"33be54e\" data-element_type=\"column\">\n\t\t\t<div class=\"elementor-column-wrap elementor-element-populated\">\n\t\t\t\t\t\t\t<div class=\"elementor-widget-wrap\">\n\t\t\t\t\t\t<div class=\"elementor-element elementor-element-8fdef8c elementor-align-center elementor-widget elementor-widget-button\" data-id=\"8fdef8c\" data-element_type=\"widget\" data-widget_type=\"button.default\">\n\t\t\t\t<div class=\"elementor-widget-container\">\n\t\t\t\t\t<div class=\"elementor-button-wrapper\">\n\t\t\t<a href=\"http:\/\/vosdroits.service-public.fr\/particuliers\/N144.xhtml\" target=\"_blank\" class=\"elementor-button-link elementor-button elementor-size-lg\" role=\"button\">\n\t\t\t\t\t\t<span class=\"elementor-button-content-wrapper\">\n\t\t\t\t\t\t<span class=\"elementor-button-text\">Plus de renseignements ici<\/span>\n\t\t<\/span>\n\t\t\t\t\t<\/a>\n\t\t<\/div>\n\t\t\t\t<\/div>\n\t\t\t\t<\/div>\n\t\t\t\t\t\t<\/div>\n\t\t\t\t\t<\/div>\n\t\t<\/div>\n\t\t\t\t\t\t\t\t<\/div>\n\t\t\t\t\t<\/div>\n\t\t<\/section>\n\t\t\t\t<section class=\"elementor-section elementor-top-section elementor-element elementor-element-164c477 elementor-section-boxed elementor-section-height-default elementor-section-height-default\" data-id=\"164c477\" data-element_type=\"section\">\n\t\t\t\t\t\t<div class=\"elementor-container elementor-column-gap-default\">\n\t\t\t\t\t\t\t<div class=\"elementor-row\">\n\t\t\t\t\t<div class=\"elementor-column elementor-col-100 elementor-top-column elementor-element elementor-element-52197ad\" data-id=\"52197ad\" data-element_type=\"column\">\n\t\t\t<div class=\"elementor-column-wrap elementor-element-populated\">\n\t\t\t\t\t\t\t<div class=\"elementor-widget-wrap\">\n\t\t\t\t\t\t<section class=\"elementor-section elementor-inner-section elementor-element elementor-element-42da980 elementor-section-full_width elementor-section-content-middle elementor-section-height-default elementor-section-height-default\" data-id=\"42da980\" data-element_type=\"section\">\n\t\t\t\t\t\t<div class=\"elementor-container elementor-column-gap-default\">\n\t\t\t\t\t\t\t<div class=\"elementor-row\">\n\t\t\t\t\t<div class=\"elementor-column elementor-col-100 elementor-inner-column elementor-element elementor-element-15380ee\" data-id=\"15380ee\" data-element_type=\"column\">\n\t\t\t<div class=\"elementor-column-wrap elementor-element-populated\">\n\t\t\t\t\t\t\t<div class=\"elementor-widget-wrap\">\n\t\t\t\t\t\t<div class=\"elementor-element elementor-element-dd34c8b elementor-widget__width-auto elementor-widget elementor-widget-heading\" data-id=\"dd34c8b\" data-element_type=\"widget\" data-widget_type=\"heading.default\">\n\t\t\t\t<div class=\"elementor-widget-container\">\n\t\t\t<h2 class=\"elementor-heading-title elementor-size-default\">CONTACT<\/h2>\t\t<\/div>\n\t\t\t\t<\/div>\n\t\t\t\t<div class=\"elementor-element elementor-element-50d2d2b elementor-flip-box--direction-right elementor-flip-box--3d elementor-flip-box--effect-flip elementor-widget elementor-widget-flip-box\" data-id=\"50d2d2b\" data-element_type=\"widget\" data-widget_type=\"flip-box.default\">\n\t\t\t\t<div class=\"elementor-widget-container\">\n\t\t\t\t\t<div class=\"elementor-flip-box\">\n\t\t\t<div class=\"elementor-flip-box__layer elementor-flip-box__front\">\n\t\t\t\t<div class=\"elementor-flip-box__layer__overlay\">\n\t\t\t\t\t<div class=\"elementor-flip-box__layer__inner\">\n\t\t\t\t\t\t\n\t\t\t\t\t\t\t\t\t\t\t\t\t<h3 class=\"elementor-flip-box__layer__title\">\n\t\t\t\t\t\t\t\tTribunal d'instance de Poitiers\t\t\t\t\t\t\t<\/h3>\n\t\t\t\t\t\t\n\t\t\t\t\t\t\t\t\t\t\t\t\t<div class=\"elementor-flip-box__layer__description\">\n\t\t\t\t\t\t\t\t\n21 rue Saint Louis - CS 50079<BR>\n86002 POITIERS CEDEX<BR>\nT\u00e9l\u00e9phone : +33 5 49 60 55 50<BR>\nT\u00e9l\u00e9copie : +33 5 49 60 55 71<BR>\nSite internet : http:\/\/www.justice.gouv.fr\/<BR>\nHoraires d'ouverture : du lundi au vendredi : 09h00 - 12h00 et 14h00 - 17h00\t\t\t\t\t\t\t<\/div>\n\t\t\t\t\t\t\t\t\t\t\t<\/div>\n\t\t\t\t<\/div>\n\t\t\t<\/div>\n\t\t\t<div class=\"elementor-flip-box__layer elementor-flip-box__back\">\n\t\t\t<div class=\"elementor-flip-box__layer__overlay\">\n\t\t\t\t<div class=\"elementor-flip-box__layer__inner\">\n\t\t\t\t\t\t\t\t\t\t\t<h3 class=\"elementor-flip-box__layer__title\">\n\t\t\t\t\t\t\tTribunal d'instance de Poitiers\t\t\t\t\t\t<\/h3>\n\t\t\t\t\t\n\t\t\t\t\t\t\t\t\t\t\t<div class=\"elementor-flip-box__layer__description\">\n\t\t\t\t\t\t\t\n21 rue Saint Louis - CS 50079<BR>\n86002 POITIERS CEDEX<BR>\nT\u00e9l\u00e9phone : +33 5 49 60 55 50<BR>\nT\u00e9l\u00e9copie : +33 5 49 60 55 71<BR>\nSite internet : http:\/\/www.justice.gouv.fr\/<BR>\nHoraires d'ouverture : du lundi au vendredi : 09h00 - 12h00 et 14h00 - 17h00\t\t\t\t\t\t<\/div>\n\t\t\t\t\t\n\t\t\t\t\t\t\t\t<\/div>\n\t\t<\/div>\n\t\t<\/div>\n\t\t<\/div>\n\t\t\t\t<\/div>\n\t\t\t\t<\/div>\n\t\t\t\t\t\t<\/div>\n\t\t\t\t\t<\/div>\n\t\t<\/div>\n\t\t\t\t\t\t\t\t<\/div>\n\t\t\t\t\t<\/div>\n\t\t<\/section>\n\t\t\t\t\t\t<\/div>\n\t\t\t\t\t<\/div>\n\t\t<\/div>\n\t\t\t\t\t\t\t\t<\/div>\n\t\t\t\t\t<\/div>\n\t\t<\/section>\n\t\t\t\t\t\t<\/div>\n\t\t\t\t\t\t<\/div>\n\t\t\t\t\t<\/div>\n\t\t","protected":false},"excerpt":{"rendered":"<p>Conclusion d&rsquo;un PACS Le pacte civil de solidarit\u00e9 (PACS) est un contrat. Il est conclu entre deux personnes physiques pour organiser leur vie commune. Ces deux personnes doivent \u00eatre majeures [&hellip;]<\/p>\n","protected":false},"author":1,"featured_media":0,"parent":38,"menu_order":0,"comment_status":"closed","ping_status":"closed","template":"","meta":{"footnotes":""},"class_list":["post-4279","page","type-page","status-publish","hentry"],"_links":{"self":[{"href":"https:\/\/3-moutiers.fr\/index.php\/wp-json\/wp\/v2\/pages\/4279","targetHints":{"allow":["GET"]}}],"collection":[{"href":"https:\/\/3-moutiers.fr\/index.php\/wp-json\/wp\/v2\/pages"}],"about":[{"href":"https:\/\/3-moutiers.fr\/index.php\/wp-json\/wp\/v2\/types\/page"}],"author":[{"embeddable":true,"href":"https:\/\/3-moutiers.fr\/index.php\/wp-json\/wp\/v2\/users\/1"}],"replies":[{"embeddable":true,"href":"https:\/\/3-moutiers.fr\/index.php\/wp-json\/wp\/v2\/comments?post=4279"}],"version-history":[{"count":9,"href":"https:\/\/3-moutiers.fr\/index.php\/wp-json\/wp\/v2\/pages\/4279\/revisions"}],"predecessor-version":[{"id":6711,"href":"https:\/\/3-moutiers.fr\/index.php\/wp-json\/wp\/v2\/pages\/4279\/revisions\/6711"}],"up":[{"embeddable":true,"href":"https:\/\/3-moutiers.fr\/index.php\/wp-json\/wp\/v2\/pages\/38"}],"wp:attachment":[{"href":"https:\/\/3-moutiers.fr\/index.php\/wp-json\/wp\/v2\/media?parent=4279"}],"curies":[{"name":"wp","href":"https:\/\/api.w.org\/{rel}","templated":true}]}}