{"id":4312,"date":"2021-03-18T15:03:37","date_gmt":"2021-03-18T14:03:37","guid":{"rendered":"http:\/\/3-moutiers.fr\/?page_id=4312"},"modified":"2021-03-18T15:11:51","modified_gmt":"2021-03-18T14:11:51","slug":"deces","status":"publish","type":"page","link":"https:\/\/3-moutiers.fr\/index.php\/mairie\/demarches-administratives\/deces\/","title":{"rendered":"D\u00e9c\u00e8s"},"content":{"rendered":"\t\t<div data-elementor-type=\"wp-page\" data-elementor-id=\"4312\" class=\"elementor elementor-4312\" data-elementor-settings=\"[]\">\n\t\t\t\t\t\t<div class=\"elementor-inner\">\n\t\t\t\t\t\t\t<div class=\"elementor-section-wrap\">\n\t\t\t\t\t\t\t<section class=\"elementor-section elementor-top-section elementor-element elementor-element-dea1f01 elementor-section-boxed elementor-section-height-default elementor-section-height-default\" data-id=\"dea1f01\" data-element_type=\"section\">\n\t\t\t\t\t\t<div class=\"elementor-container elementor-column-gap-default\">\n\t\t\t\t\t\t\t<div class=\"elementor-row\">\n\t\t\t\t\t<div class=\"elementor-column elementor-col-100 elementor-top-column elementor-element elementor-element-e6737fc\" data-id=\"e6737fc\" data-element_type=\"column\">\n\t\t\t<div class=\"elementor-column-wrap elementor-element-populated\">\n\t\t\t\t\t\t\t<div class=\"elementor-widget-wrap\">\n\t\t\t\t\t\t<div class=\"elementor-element elementor-element-ba7a2ff elementor-widget elementor-widget-text-editor\" data-id=\"ba7a2ff\" data-element_type=\"widget\" data-widget_type=\"text-editor.default\">\n\t\t\t\t<div class=\"elementor-widget-container\">\n\t\t\t\t\t<div class=\"elementor-text-editor elementor-clearfix\"><h2><span style=\"color: #800000;\">D\u00e9claration de d\u00e9c\u00e8s<\/span><\/h2><p><span style=\"color: #000000;\">La d\u00e9claration doit \u00eatre effectu\u00e9e le plus rapidement (si possible dans les 24 heures) \u00e0 la mairie du lieu de d\u00e9c\u00e8s.<\/span><\/p><h2><span style=\"color: #800000;\">Documents \u00e0 fournir<\/span><\/h2><p><span style=\"color: #000000;\">Le certificat m\u00e9dical de d\u00e9c\u00e8s, le livret de famille de la personne d\u00e9c\u00e9d\u00e9e, son acte de naissance ou tout autre pi\u00e8ce d&rsquo;identit\u00e9.<\/span><br \/><span style=\"color: #000000;\">La pi\u00e8ce d\u2019identit\u00e9 du d\u00e9clarant<\/span><br \/><span style=\"color: #000000;\">Une entreprise des Pompes fun\u00e8bres peut se charger de toutes les d\u00e9marches.<\/span><\/p><h2><span style=\"color: #800000;\">Acquisition d&rsquo;une concession<\/span><\/h2><p><span style=\"color: #000000;\">Ces acquisitions sont r\u00e9serv\u00e9es aux personnes domicili\u00e9es ou d\u00e9c\u00e9d\u00e9es aux Trois Moutiers.<\/span><\/p><p><span style=\"color: #000000;\">Elle n\u00e9cessite une pi\u00e8ce d&rsquo;identit\u00e9 et un justificatif de domicile.<\/span><\/p><h2><span style=\"color: #000000;\"><span style=\"color: #800000;\">Tarifs:<\/span><br \/><\/span><\/h2><p>\u00a0<\/p><p><span style=\"color: #800000;\"><strong>CONCESSION<\/strong>\u00a0\u00a0<\/span><\/p><ul><li><span style=\"color: #000000;\">30 ans\u00a0: 55 euros<\/span><\/li><li><span style=\"color: #000000;\">50 ans\u00a0: 115 euros<\/span><\/li><\/ul><p><span style=\"color: #800000;\"><strong>CAVURNE<\/strong><\/span><\/p><ul><li><span style=\"color: #000000;\">30 ans\u00a0: 28 euros<\/span><\/li><li><span style=\"color: #000000;\">50 ans\u00a0: 58 euros<\/span><\/li><\/ul><p><span style=\"color: #800000;\"><strong>PLAQUE STELLE JARDIN DU SOUVENIR<\/strong><\/span><\/p><ul><li><span style=\"color: #000000;\">28 euros<\/span><\/li><\/ul><p><span style=\"color: #000000;\">\u00a0<\/span><\/p><p><span style=\"color: #000000;\">\u00a0<\/span><\/p><\/div>\n\t\t\t\t<\/div>\n\t\t\t\t<\/div>\n\t\t\t\t\t\t<\/div>\n\t\t\t\t\t<\/div>\n\t\t<\/div>\n\t\t\t\t\t\t\t\t<\/div>\n\t\t\t\t\t<\/div>\n\t\t<\/section>\n\t\t\t\t<section class=\"elementor-section elementor-top-section elementor-element elementor-element-f62f2a9 elementor-section-boxed elementor-section-height-default elementor-section-height-default\" data-id=\"f62f2a9\" data-element_type=\"section\">\n\t\t\t\t\t\t<div class=\"elementor-container elementor-column-gap-default\">\n\t\t\t\t\t\t\t<div class=\"elementor-row\">\n\t\t\t\t\t<div class=\"elementor-column elementor-col-100 elementor-top-column elementor-element elementor-element-11eea33\" data-id=\"11eea33\" data-element_type=\"column\">\n\t\t\t<div class=\"elementor-column-wrap\">\n\t\t\t\t\t\t\t<div class=\"elementor-widget-wrap\">\n\t\t\t\t\t\t\t\t<\/div>\n\t\t\t\t\t<\/div>\n\t\t<\/div>\n\t\t\t\t\t\t\t\t<\/div>\n\t\t\t\t\t<\/div>\n\t\t<\/section>\n\t\t\t\t\t\t<\/div>\n\t\t\t\t\t\t<\/div>\n\t\t\t\t\t<\/div>\n\t\t","protected":false},"excerpt":{"rendered":"<p>D\u00e9claration de d\u00e9c\u00e8s La d\u00e9claration doit \u00eatre effectu\u00e9e le plus rapidement (si possible dans les 24 heures) \u00e0 la mairie du lieu de d\u00e9c\u00e8s. Documents \u00e0 fournir Le certificat m\u00e9dical [&hellip;]<\/p>\n","protected":false},"author":1,"featured_media":0,"parent":38,"menu_order":0,"comment_status":"closed","ping_status":"closed","template":"","meta":{"footnotes":""},"class_list":["post-4312","page","type-page","status-publish","hentry"],"_links":{"self":[{"href":"https:\/\/3-moutiers.fr\/index.php\/wp-json\/wp\/v2\/pages\/4312","targetHints":{"allow":["GET"]}}],"collection":[{"href":"https:\/\/3-moutiers.fr\/index.php\/wp-json\/wp\/v2\/pages"}],"about":[{"href":"https:\/\/3-moutiers.fr\/index.php\/wp-json\/wp\/v2\/types\/page"}],"author":[{"embeddable":true,"href":"https:\/\/3-moutiers.fr\/index.php\/wp-json\/wp\/v2\/users\/1"}],"replies":[{"embeddable":true,"href":"https:\/\/3-moutiers.fr\/index.php\/wp-json\/wp\/v2\/comments?post=4312"}],"version-history":[{"count":0,"href":"https:\/\/3-moutiers.fr\/index.php\/wp-json\/wp\/v2\/pages\/4312\/revisions"}],"up":[{"embeddable":true,"href":"https:\/\/3-moutiers.fr\/index.php\/wp-json\/wp\/v2\/pages\/38"}],"wp:attachment":[{"href":"https:\/\/3-moutiers.fr\/index.php\/wp-json\/wp\/v2\/media?parent=4312"}],"curies":[{"name":"wp","href":"https:\/\/api.w.org\/{rel}","templated":true}]}}